{"id":53,"date":"2009-09-10T14:36:40","date_gmt":"2009-09-10T12:36:40","guid":{"rendered":"http:\/\/www.idphoto.app\/\/personalausweis\/erstmaliges-beantragen\/"},"modified":"2017-01-27T10:04:36","modified_gmt":"2017-01-27T09:04:36","slug":"premiere-demande","status":"publish","type":"page","link":"https:\/\/www.idphoto.app\/aide\/carte-d-identite\/premiere-demande\/","title":{"rendered":"Premi\u00e8re demande"},"content":{"rendered":"<p>Lors de la premi\u00e8re demande d&rsquo;une carte d&rsquo;identit\u00e9, l&rsquo;ancienne carte d&rsquo;identit\u00e9 d&rsquo;enfant, l&rsquo;ancien passeport d&rsquo;enfant ou des preuves d&rsquo;identit\u00e9 similaires sont requises. En outre, pour la demande d&rsquo;une carte d&rsquo;identit\u00e9 les mineurs et les personnes sous tutelle doivent se pr\u00e9senter en compagnie de leur repr\u00e9sentant l\u00e9gal.<\/p>\n<p>En cas que les deux parents sont d\u00e9tenteurs de l&rsquo;autorit\u00e9 parentale, une signature d&rsquo;un des deux suffit pour la demande de la carte d&rsquo;identit\u00e9. Si l&rsquo;approbation de l&rsquo;autre parent ne peut pas \u00eatre soup\u00e7onn\u00e9e simplement, l&rsquo;autorit\u00e9 de d\u00e9livrance doit rejoindre la signature des deux parents.<\/p>\n<p>Pour plus d&rsquo;informations consultez le site <a href=\"http:\/\/www.schweizerpass.admin.ch\/pass\/fr\/home.html\">www.schweizerpass.ch<\/a><\/p>\n<p><em>Source: Loi sur les documents d&rsquo;identit\u00e9 (LDI)<\/em><\/p>\n","protected":false},"excerpt":{"rendered":"Lors de la premi\u00e8re demande d&rsquo;une carte d&rsquo;identit\u00e9, l&rsquo;ancienne carte d&rsquo;identit\u00e9 d&rsquo;enfant, l&rsquo;ancien passeport d&rsquo;enfant ou des preuves d&rsquo;identit\u00e9 similaires sont requises. En outre, pour la demande d&rsquo;une carte d&rsquo;identit\u00e9 les mineurs et les personnes sous tutelle doivent se pr\u00e9senter en compagnie de leur repr\u00e9sentant l\u00e9gal. En cas que les deux parents sont d\u00e9tenteurs de&#8230; <a class=\"view-article\" href=\"https:\/\/www.idphoto.app\/aide\/carte-d-identite\/premiere-demande\/\">Lire l\u2019article<\/a>","protected":false},"author":1,"featured_media":0,"parent":33,"menu_order":0,"comment_status":"open","ping_status":"closed","template":"","meta":[],"_links":{"self":[{"href":"https:\/\/www.idphoto.app\/aide\/wp-json\/wp\/v2\/pages\/53"}],"collection":[{"href":"https:\/\/www.idphoto.app\/aide\/wp-json\/wp\/v2\/pages"}],"about":[{"href":"https:\/\/www.idphoto.app\/aide\/wp-json\/wp\/v2\/types\/page"}],"author":[{"embeddable":true,"href":"https:\/\/www.idphoto.app\/aide\/wp-json\/wp\/v2\/users\/1"}],"replies":[{"embeddable":true,"href":"https:\/\/www.idphoto.app\/aide\/wp-json\/wp\/v2\/comments?post=53"}],"version-history":[{"count":2,"href":"https:\/\/www.idphoto.app\/aide\/wp-json\/wp\/v2\/pages\/53\/revisions"}],"predecessor-version":[{"id":1959,"href":"https:\/\/www.idphoto.app\/aide\/wp-json\/wp\/v2\/pages\/53\/revisions\/1959"}],"up":[{"embeddable":true,"href":"https:\/\/www.idphoto.app\/aide\/wp-json\/wp\/v2\/pages\/33"}],"wp:attachment":[{"href":"https:\/\/www.idphoto.app\/aide\/wp-json\/wp\/v2\/media?parent=53"}],"curies":[{"name":"wp","href":"https:\/\/api.w.org\/{rel}","templated":true}]}}