{"id":52,"date":"2009-09-10T14:36:15","date_gmt":"2009-09-10T12:36:15","guid":{"rendered":"http:\/\/www.idphoto.app\/\/personalausweis\/personalausweis-kosten\/"},"modified":"2017-01-27T10:14:26","modified_gmt":"2017-01-27T09:14:26","slug":"prix-pour-la-carte-d-identite","status":"publish","type":"page","link":"https:\/\/www.idphoto.app\/aide\/carte-d-identite\/prix-pour-la-carte-d-identite\/","title":{"rendered":"Prix pour la carte d&rsquo;identit\u00e9"},"content":{"rendered":"<p>Le prix de la carte d&rsquo;identit\u00e9 actuelle se l\u00e8ve \u00e0 30 CHF pour enfants et jeunes jusqu&rsquo;\u00e0 18 ans et pour adultes il est de 65 CHF. Il existe aussi la possibilit\u00e9 de combin\u00e9 la carte d&rsquo;identit\u00e9 avec le passeport (68 CHF \/ 148 CHF). C&rsquo;est bien \u00e9vident qu&rsquo;on doit rajouter les frais de port qui resultent lors de l&rsquo;envoi de la carte d&rsquo;identit\u00e9 \/ du passeport.<\/p>\n<p>Plus d&rsquo;informations sur les <a title=\"Kantonale Passstellen und Verfahren in den einzelnen Kantonen\" href=\"http:\/\/www.schweizerpass.admin.ch\/pass\/de\/home\/ausweise\/allgemeines\/passbueros.html\" target=\"_blank\">bureaux cantonaux des passeports<\/a>.<\/p>\n","protected":false},"excerpt":{"rendered":"Le prix de la carte d&rsquo;identit\u00e9 actuelle se l\u00e8ve \u00e0 30 CHF pour enfants et jeunes jusqu&rsquo;\u00e0 18 ans et pour adultes il est de 65 CHF. Il existe aussi la possibilit\u00e9 de combin\u00e9 la carte d&rsquo;identit\u00e9 avec le passeport (68 CHF \/ 148 CHF). C&rsquo;est bien \u00e9vident qu&rsquo;on doit rajouter les frais de port&#8230; <a class=\"view-article\" href=\"https:\/\/www.idphoto.app\/aide\/carte-d-identite\/prix-pour-la-carte-d-identite\/\">Lire l\u2019article<\/a>","protected":false},"author":1,"featured_media":0,"parent":33,"menu_order":0,"comment_status":"open","ping_status":"closed","template":"","meta":[],"_links":{"self":[{"href":"https:\/\/www.idphoto.app\/aide\/wp-json\/wp\/v2\/pages\/52"}],"collection":[{"href":"https:\/\/www.idphoto.app\/aide\/wp-json\/wp\/v2\/pages"}],"about":[{"href":"https:\/\/www.idphoto.app\/aide\/wp-json\/wp\/v2\/types\/page"}],"author":[{"embeddable":true,"href":"https:\/\/www.idphoto.app\/aide\/wp-json\/wp\/v2\/users\/1"}],"replies":[{"embeddable":true,"href":"https:\/\/www.idphoto.app\/aide\/wp-json\/wp\/v2\/comments?post=52"}],"version-history":[{"count":1,"href":"https:\/\/www.idphoto.app\/aide\/wp-json\/wp\/v2\/pages\/52\/revisions"}],"predecessor-version":[{"id":1898,"href":"https:\/\/www.idphoto.app\/aide\/wp-json\/wp\/v2\/pages\/52\/revisions\/1898"}],"up":[{"embeddable":true,"href":"https:\/\/www.idphoto.app\/aide\/wp-json\/wp\/v2\/pages\/33"}],"wp:attachment":[{"href":"https:\/\/www.idphoto.app\/aide\/wp-json\/wp\/v2\/media?parent=52"}],"curies":[{"name":"wp","href":"https:\/\/api.w.org\/{rel}","templated":true}]}}