{"id":50,"date":"2009-09-10T14:34:55","date_gmt":"2009-09-10T12:34:55","guid":{"rendered":"http:\/\/www.idphoto.app\/\/personalausweis\/grose\/"},"modified":"2019-01-07T00:59:59","modified_gmt":"2019-01-06T23:59:59","slug":"taille","status":"publish","type":"page","link":"https:\/\/www.idphoto.app\/aide\/photo-de-passeport\/taille\/","title":{"rendered":"Taille &#038; Format"},"content":{"rendered":"<nav class=\"chapter-toc\">\n<h2>Contenu<\/h2>\n<ul>\n<li><a class=\"smooth\" href=\"#passport-suisse\">Passeport suisse et photos biom\u00e9triques pour passeport<\/a><\/li>\n<li><a class=\"smooth\" href=\"#format-de-photo-digital\">Format de photo digital<\/a><\/li>\n<li><a class=\"smooth\" href=\"#\u00e9l\u00e9ments-d'identification-biom\u00e9triques\">El\u00e9ments d&rsquo;identification biom\u00e9triques<\/a><\/li>\n<li><a class=\"smooth\" href=\"#dimensions-exactes-d\u00e9tail\">Les dimensions exactes en d\u00e9tail<\/a><\/li>\n<\/ul>\n<\/nav>\n<p>Tandis que les photos de passeport suisse utilis\u00e9es presque exclusivement pour des documents d&rsquo;identit\u00e9 Suisse tels que <a href=\"https:\/\/www.idphoto.app\/aide\/passeport\/\">passeport<\/a>, <a href=\"https:\/\/www.idphoto.app\/aide\/carte-d-identite\/\">carte d&rsquo;identit\u00e9 <\/a>et <a href=\"https:\/\/www.idphoto.app\/aide\/permis-de-conduire\/\">permis de conduire<\/a> ont \u00e9t\u00e9 requis, les utilisations pr\u00e9vues se sont multipli\u00e9es aujourd&rsquo;hui. Des universit\u00e9s impriment de plus en plus les photos de leurs \u00e9l\u00e8ves sur les cartes d&rsquo;\u00e9tudiant, dans certains pays, une photo du propri\u00e9taire d\u00e9core la carte dite sant\u00e9 et des cartes de membres obtiennent de plus en plus une photo.<\/p>\n<p>Photos de passeport suisse et photos biom\u00e9triques pour passeport<\/p>\n<h2 id=\"schweizer-passfotos\">Photos de passerport suisse et photos biom\u00e9triques pour passeport<\/h2>\n<p><img class=\"alignright\" src=\"https:\/\/www.idphoto.app\/images\/passfoto.png\" alt=\"Biometrisches Passbild mit Lineal\" width=\"222\" height=\"257\"><\/p>\n<p>En plus des photos pour passeport suisse traditionnelles on distingue les nouvelles photos biom\u00e9triques pour passeport. Tout comme son pr\u00e9d\u00e9cesseur \u00ab normale \u00bb elles poss\u00e8dent <strong>un format de 35 mm x 45 mm (ou 3,5 x 4,5 cm)<\/strong> et aucune bordure. Auparavant, pour une photo d\u2019identit\u00e9 on a \u00e9t\u00e9 photographi\u00e9 \u00e0 moiti\u00e9-profil. Etant donn\u00e9 que d\u00e8s nos jours pour presque tous les documents d\u2019identit\u00e9 officiels suisse on a besoin d\u2019une photo d\u2019identit\u00e9 biom\u00e9trique, vous ne pouvez plus \u00e9viter une prise de face.<\/p>\n<h2 id=\"digitale-passbildgroesse\">Format num\u00e9rique de photo pour passeport<\/h2>\n<p>Dans des divers forums souvent \u00ab&nbsp;la taille&nbsp;\u00bb num\u00e9rique ou des termes similaires sont demand\u00e9s. La raison pour ceci est la non-existence de la taille r\u00e9elle de 35x45mm en pixels ou \u00e9quivalent. Si vous d\u00e9sirez imprimer une photo \u00e0 une taille sp\u00e9cifique, la plupart des logiciels n\u2019interviennent pas. Voici une autre unit\u00e9, le PPP (pixel par puce) qui joue un r\u00f4le important. 72 dpi est la valeur commune de graphiques web. Pour l\u2019impression on utilise souvent 300 ppp.<\/p>\n<p>Sans logiciel graphique sous la main dans laquelle vous pouvez sp\u00e9cifier la taille d&rsquo;impression en cm, vous devez calculer un peu. Un pouce correspond \u00e0 2,54 cm. Une image qui doit \u00eatre imprim\u00e9e \u00e0 300 ppp en taille, doivent avoir une taille d&rsquo;environ 413 px \u00d7 532 px.<\/p>\n<p>L&rsquo;\u00e9quivalent du format passeport standard Suisse de 3,5 cm x 4,5 cm pour certaines valeurs ppp sont \u00e9num\u00e9r\u00e9s ci-dessous :<\/p>\n<p>&nbsp;<\/p>\n<div class=\"table-responsive\">\n<table class=\"list\">\n<tbody>\n<tr>\n<th>PPP<\/th>\n<th>Largeur en pixel<\/th>\n<th>Hauteur en pixeln<\/th>\n<\/tr>\n<tr class=\"odge\">\n<td>72<\/td>\n<td>99 px<\/td>\n<td>128 px<\/td>\n<\/tr>\n<tr>\n<td>100<\/td>\n<td>138&nbsp;px<\/td>\n<td>177&nbsp;px<\/td>\n<\/tr>\n<tr class=\"odge\">\n<td>150<\/td>\n<td>207&nbsp;px<\/td>\n<td>266&nbsp;px<\/td>\n<\/tr>\n<tr>\n<td>300<\/td>\n<td>413&nbsp;px<\/td>\n<td>532&nbsp;px<\/td>\n<\/tr>\n<tr>\n<td>600<\/td>\n<td>826&nbsp;px<\/td>\n<td>1064&nbsp;px<\/td>\n<\/tr>\n<\/tbody>\n<\/table>\n<\/div>\n<h2 id=\"biometrische-besonderheiten\">Caract\u00e9ristiques biom\u00e9triques<\/h2>\n<p>Jusqu&rsquo;\u00e0 pr\u00e9sent des photos pour passeport suisse normale ont \u00e9t\u00e9 enregistr\u00e9s de demi-profil incluant une partie du haut du corps. Des photos biom\u00e9triques pour passeports sont diff\u00e9rentes. 64-75 % de la hauteur de la photo doit \u00eatre rempli avec la hauteur du visage, donc entre 29 \u00e0 34 mm. En outre, le visage doit \u00eatre centr\u00e9 au milieu de la photo pour passeport. Plus d&rsquo;informations dans l&rsquo;article <a href=\"https:\/\/www.idphoto.app\/aide\/passeport\/comment-faire-une-photo-biometrique-de-passeport\/\">\u00ab Comment faire une photo d&rsquo;identit\u00e9 biom\u00e9trique? \u00bb <\/a><\/p>\n<p>Vous pouvez recadrer votre photo dans notre <a href=\"https:\/\/www.idphoto.app\/fr\/upload\/photo-passeport\">g\u00e9n\u00e9rateur de photo<\/a> sur le format souhait\u00e9 et alignez votre visage \u00e0 l&rsquo;aide d&rsquo;un mod\u00e8le.<\/p>\n<p>&nbsp;<\/p>\n<p><a class=\"center blocksize\" href=\"https:\/\/www.idphoto.app\/upload\/passbild\"><img width=\"593\" height=\"447\" class=\"size-full wp-image-1504 img-responsive aligncenter\" src=\"https:\/\/www.idphoto.app\/aide\/wp-content\/uploads\/2009\/09\/passfoto-generator-ch.png\" alt=\"Passfoto-Generator\" srcset=\"https:\/\/www.idphoto.app\/aide\/wp-content\/uploads\/2009\/09\/passfoto-generator-ch.png 593w, https:\/\/www.idphoto.app\/aide\/wp-content\/uploads\/2009\/09\/passfoto-generator-ch-250x188.png 250w, https:\/\/www.idphoto.app\/aide\/wp-content\/uploads\/2009\/09\/passfoto-generator-ch-120x90.png 120w\" sizes=\"(max-width: 593px) 100vw, 593px\" \/><\/a><\/p>\n<p style=\"text-align: center;\"><a class=\"btn btn-md btn-warning\" title=\"Jetzt ein Passbild erstellen\" href=\"https:\/\/www.idphoto.app\/fr\/upload\/photo-passeport\">Cr\u00e9er son photo d&rsquo;identit\u00e9 maintenant \u00bb<\/a><\/p>\n<h2 id=\"masse-im-detail\">Les dimensions exactes en d\u00e9tail<\/h2>\n<p>Comme le visage ou la t\u00eate sont align\u00e9s sur la photo est d\u00e9terminer par le <a href=\"https:\/\/www.idphoto.app\/aide\/photo-de-passeport\/modele-biometrique\/\">mod\u00e8le de photo pour passeport biom\u00e9trique<\/a>. La fa\u00e7on la plus simple pour adapter les photos pour passeport ult\u00e9rieures est par le g\u00e9n\u00e9rateur de photo suivant le lien ci-dessus. Dans ce qui suit, les tailles en d\u00e9tail sont r\u00e9sum\u00e9es bri\u00e8vement<\/p>\n<p>La longueur de la photo du passeport est de 45 mm. La largeur de 35 mm.<\/p>\n<p>Au-dessus de la t\u00eate une zone libre de 5 mm doit rester. Le visage frontalement photographi\u00e9 est align\u00e9e et centr\u00e9 sur la photo d&rsquo;identit\u00e9. Il devrait \u00eatre entre 29 mm et 34 mm de hauteur.<\/p>\n","protected":false},"excerpt":{"rendered":"Contenu Passeport suisse et photos biom\u00e9triques pour passeport Format de photo digital El\u00e9ments d&rsquo;identification biom\u00e9triques Les dimensions exactes en d\u00e9tail Tandis que les photos de passeport suisse utilis\u00e9es presque exclusivement pour des documents d&rsquo;identit\u00e9 Suisse tels que passeport, carte d&rsquo;identit\u00e9 et permis de conduire ont \u00e9t\u00e9 requis, les utilisations pr\u00e9vues se sont multipli\u00e9es aujourd&rsquo;hui. Des&#8230; <a class=\"view-article\" href=\"https:\/\/www.idphoto.app\/aide\/photo-de-passeport\/taille\/\">Lire l\u2019article<\/a>","protected":false},"author":1,"featured_media":0,"parent":142,"menu_order":0,"comment_status":"open","ping_status":"closed","template":"","meta":[],"_links":{"self":[{"href":"https:\/\/www.idphoto.app\/aide\/wp-json\/wp\/v2\/pages\/50"}],"collection":[{"href":"https:\/\/www.idphoto.app\/aide\/wp-json\/wp\/v2\/pages"}],"about":[{"href":"https:\/\/www.idphoto.app\/aide\/wp-json\/wp\/v2\/types\/page"}],"author":[{"embeddable":true,"href":"https:\/\/www.idphoto.app\/aide\/wp-json\/wp\/v2\/users\/1"}],"replies":[{"embeddable":true,"href":"https:\/\/www.idphoto.app\/aide\/wp-json\/wp\/v2\/comments?post=50"}],"version-history":[{"count":4,"href":"https:\/\/www.idphoto.app\/aide\/wp-json\/wp\/v2\/pages\/50\/revisions"}],"predecessor-version":[{"id":2076,"href":"https:\/\/www.idphoto.app\/aide\/wp-json\/wp\/v2\/pages\/50\/revisions\/2076"}],"up":[{"embeddable":true,"href":"https:\/\/www.idphoto.app\/aide\/wp-json\/wp\/v2\/pages\/142"}],"wp:attachment":[{"href":"https:\/\/www.idphoto.app\/aide\/wp-json\/wp\/v2\/media?parent=50"}],"curies":[{"name":"wp","href":"https:\/\/api.w.org\/{rel}","templated":true}]}}