{"id":33,"date":"2009-09-09T20:00:35","date_gmt":"2009-09-09T18:00:35","guid":{"rendered":"http:\/\/www.idphoto.app\/\/?page_id=33"},"modified":"2019-01-07T01:03:12","modified_gmt":"2019-01-07T00:03:12","slug":"carte-d-identite","status":"publish","type":"page","link":"https:\/\/www.idphoto.app\/aide\/carte-d-identite\/","title":{"rendered":"Carte d&rsquo;identit\u00e9"},"content":{"rendered":"<p>La carte d&rsquo;identit\u00e9 au format carte de cr\u00e9dit a \u00e9t\u00e9 introduite le 1er juillet 1994, d&rsquo;abord dans le cadre d&rsquo;une phase-pilote, puis le 1er janvier 1995 de mani\u00e8re d\u00e9finitive. En 2003, elle a \u00e9t\u00e9 l\u00e9g\u00e8rement modifi\u00e9e. Le kin\u00e9gramme a \u00e9t\u00e9 int\u00e9gr\u00e9 au corps de la carte et est ainsi mieux prot\u00e9g\u00e9. L&rsquo;indication de la couleur des yeux a \u00e9t\u00e9 remplac\u00e9e par celle du sexe du titulaire et l&rsquo;inscription \u00ab\u00a0citoyen\/citoyenne suisse\u00a0\u00bb par la mention \u00ab\u00a0Suisse\u00a0\u00bb indiquant la nationalit\u00e9.<\/p>\n<p>La carte d&rsquo;identit\u00e9 contient une zone lisible par machine, situ\u00e9e sur le verso de la carte, en bas. La photographie est grav\u00e9e au laser. Vous trouvez toutes les informations nec\u00e9ssaires li\u00e9es \u00e0 la carte d&rsquo;identit\u00e9 dans notre lexique d&rsquo;idphoto.<\/p>\n<p>&nbsp;<\/p>\n","protected":false},"excerpt":{"rendered":"La carte d&rsquo;identit\u00e9 au format carte de cr\u00e9dit a \u00e9t\u00e9 introduite le 1er juillet 1994, d&rsquo;abord dans le cadre d&rsquo;une phase-pilote, puis le 1er janvier 1995 de mani\u00e8re d\u00e9finitive. En 2003, elle a \u00e9t\u00e9 l\u00e9g\u00e8rement modifi\u00e9e. Le kin\u00e9gramme a \u00e9t\u00e9 int\u00e9gr\u00e9 au corps de la carte et est ainsi mieux prot\u00e9g\u00e9. L&rsquo;indication de la couleur&#8230; <a class=\"view-article\" href=\"https:\/\/www.idphoto.app\/aide\/carte-d-identite\/\">Lire l\u2019article<\/a>","protected":false},"author":1,"featured_media":0,"parent":0,"menu_order":-97,"comment_status":"open","ping_status":"closed","template":"lexikonkategorie_template.php","meta":[],"_links":{"self":[{"href":"https:\/\/www.idphoto.app\/aide\/wp-json\/wp\/v2\/pages\/33"}],"collection":[{"href":"https:\/\/www.idphoto.app\/aide\/wp-json\/wp\/v2\/pages"}],"about":[{"href":"https:\/\/www.idphoto.app\/aide\/wp-json\/wp\/v2\/types\/page"}],"author":[{"embeddable":true,"href":"https:\/\/www.idphoto.app\/aide\/wp-json\/wp\/v2\/users\/1"}],"replies":[{"embeddable":true,"href":"https:\/\/www.idphoto.app\/aide\/wp-json\/wp\/v2\/comments?post=33"}],"version-history":[{"count":3,"href":"https:\/\/www.idphoto.app\/aide\/wp-json\/wp\/v2\/pages\/33\/revisions"}],"predecessor-version":[{"id":2079,"href":"https:\/\/www.idphoto.app\/aide\/wp-json\/wp\/v2\/pages\/33\/revisions\/2079"}],"wp:attachment":[{"href":"https:\/\/www.idphoto.app\/aide\/wp-json\/wp\/v2\/media?parent=33"}],"curies":[{"name":"wp","href":"https:\/\/api.w.org\/{rel}","templated":true}]}}