{"id":321,"date":"2009-10-19T23:30:00","date_gmt":"2009-10-19T21:30:00","guid":{"rendered":"http:\/\/www.idphoto.app\/?page_id=321"},"modified":"2017-01-27T09:43:36","modified_gmt":"2017-01-27T08:43:36","slug":"modele-biometrique","status":"publish","type":"page","link":"https:\/\/www.idphoto.app\/aide\/photo-de-passeport\/modele-biometrique\/","title":{"rendered":"Mod\u00e8le biom\u00e9trique"},"content":{"rendered":"<p>Le mod\u00e8le biom\u00e9trique de photo d&rsquo;identit\u00e9, qui est utilis\u00e9 en Suisse, diff\u00e8re un peu du mod\u00e8le utilis\u00e9 dans l&rsquo;UE. La r\u00e9glementation suisse concernant la posture de t\u00eate et de la position des yeux n&rsquo;est pas si strictement interpr\u00e9t\u00e9e. Le visage est \u00e9galement l\u00e9g\u00e8rement diminu\u00e9 comme par exemple en Allemagne ou en France.<br \/>\nUniquement au Royaume Uni la t\u00eate est encore un peu plus petit repr\u00e9sent\u00e9e.<\/p>\n<p><a href=\"https:\/\/www.idphoto.app\/aide\/wp-content\/uploads\/2009\/10\/schweizer-passbild-schablone.png\"><img width=\"618\" height=\"472\" class=\"aligncenter size-full wp-image-1562 img-responsive\" src=\"https:\/\/www.idphoto.app\/aide\/wp-content\/uploads\/2009\/10\/schweizer-passbild-schablone.png\" alt=\"Die Schweizer Passbild-Schablone.\" srcset=\"https:\/\/www.idphoto.app\/aide\/wp-content\/uploads\/2009\/10\/schweizer-passbild-schablone.png 618w, https:\/\/www.idphoto.app\/aide\/wp-content\/uploads\/2009\/10\/schweizer-passbild-schablone-250x191.png 250w, https:\/\/www.idphoto.app\/aide\/wp-content\/uploads\/2009\/10\/schweizer-passbild-schablone-120x92.png 120w\" sizes=\"(max-width: 618px) 100vw, 618px\" \/><\/a><\/p>\n<p>Les sp\u00e9cifications exactes peuvent \u00eatre consulter dans le <a href=\"http:\/\/www.schweizerpass.admin.ch\/dam\/data\/pass\/ausweise\/fotomustertafel.pdf\">tableau de crit\u00e8re d&rsquo;acceptation des photos conf\u00e9d\u00e9ral<\/a>. Il montre aussi quelques exemples d&rsquo;images et les erreurs les plus courantes. Les <a href=\"http:\/\/www.schweizerpass.admin.ch\/dam\/data\/pass\/ausweise\/fotomustertafel.pdf\">crit\u00e8res d&rsquo;acceptation des photos pour passeports et cartes d&rsquo;identit\u00e9<\/a> sont disponibles sur les pages des pr\u00e9scriptions pour passerport suisse.<\/p>\n<p>Si vous souhaitez personnaliser une photo sur le mod\u00e8le biom\u00e9trique, vous pouvez utiliser notre <a href=\"https:\/\/www.idphoto.app\/fr\/upload\/photo-passeport\">G\u00e9n\u00e9rateur de photo d&rsquo;identit\u00e9<\/a> en ligne. L&rsquo;image personnalis\u00e9e et coup\u00e9e peut \u00eatre t\u00e9l\u00e9charg\u00e9 <u>gratuitement.<\/u><\/p>\n<div id=\"attachment_1553\" style=\"width: 246px\" class=\"wp-caption alignleft\"><img aria-describedby=\"caption-attachment-1553\" class=\"wp-image-1553 img-responsive\" src=\"https:\/\/www.idphoto.app\/aide\/wp-content\/uploads\/2009\/10\/babyfoto-angepasst-an-biometrische-schablone.png\" alt=\"Babyfoto in biometrischer Schablone.\" width=\"236\" height=\"300\" \/><p id=\"caption-attachment-1553\" class=\"wp-caption-text\">Une photo de b\u00e9b\u00e9, adapt\u00e9e au mod\u00e8le biom\u00e9trique de la Suisse.<\/p><\/div>\n<p>&nbsp;<\/p>\n<p>Ou vous faites plus simple par commandant les photos avec <strong>examen d&rsquo;aptitude<\/strong> et <strong>traitment d&rsquo;image num\u00e9rique<\/strong> professionnelle. Ainsi, nous retouchons par exemple r\u00e9guli\u00e8rement \u00e0 chacune des photos command\u00e9es le fond et quelques petites choses en plus.<\/p>\n","protected":false},"excerpt":{"rendered":"Le mod\u00e8le biom\u00e9trique de photo d&rsquo;identit\u00e9, qui est utilis\u00e9 en Suisse, diff\u00e8re un peu du mod\u00e8le utilis\u00e9 dans l&rsquo;UE. La r\u00e9glementation suisse concernant la posture de t\u00eate et de la position des yeux n&rsquo;est pas si strictement interpr\u00e9t\u00e9e. Le visage est \u00e9galement l\u00e9g\u00e8rement diminu\u00e9 comme par exemple en Allemagne ou en France. Uniquement au Royaume&#8230; <a class=\"view-article\" href=\"https:\/\/www.idphoto.app\/aide\/photo-de-passeport\/modele-biometrique\/\">Lire l\u2019article<\/a>","protected":false},"author":1,"featured_media":0,"parent":142,"menu_order":0,"comment_status":"open","ping_status":"closed","template":"","meta":[],"_links":{"self":[{"href":"https:\/\/www.idphoto.app\/aide\/wp-json\/wp\/v2\/pages\/321"}],"collection":[{"href":"https:\/\/www.idphoto.app\/aide\/wp-json\/wp\/v2\/pages"}],"about":[{"href":"https:\/\/www.idphoto.app\/aide\/wp-json\/wp\/v2\/types\/page"}],"author":[{"embeddable":true,"href":"https:\/\/www.idphoto.app\/aide\/wp-json\/wp\/v2\/users\/1"}],"replies":[{"embeddable":true,"href":"https:\/\/www.idphoto.app\/aide\/wp-json\/wp\/v2\/comments?post=321"}],"version-history":[{"count":2,"href":"https:\/\/www.idphoto.app\/aide\/wp-json\/wp\/v2\/pages\/321\/revisions"}],"predecessor-version":[{"id":1940,"href":"https:\/\/www.idphoto.app\/aide\/wp-json\/wp\/v2\/pages\/321\/revisions\/1940"}],"up":[{"embeddable":true,"href":"https:\/\/www.idphoto.app\/aide\/wp-json\/wp\/v2\/pages\/142"}],"wp:attachment":[{"href":"https:\/\/www.idphoto.app\/aide\/wp-json\/wp\/v2\/media?parent=321"}],"curies":[{"name":"wp","href":"https:\/\/api.w.org\/{rel}","templated":true}]}}