{"id":310,"date":"2009-10-18T23:40:59","date_gmt":"2009-10-18T21:40:59","guid":{"rendered":"http:\/\/www.idphoto.app\/?page_id=310"},"modified":"2017-01-27T09:49:08","modified_gmt":"2017-01-27T08:49:08","slug":"comment-fais-je-une-photo-de-passeport-mode-emploi","status":"publish","type":"page","link":"https:\/\/www.idphoto.app\/aide\/photo-de-passeport\/comment-fais-je-une-photo-de-passeport-mode-emploi\/","title":{"rendered":"Comment fais-je une photo de passeport? (mode d&#8217;emploi)"},"content":{"rendered":"<h2>Arri\u00e8re-plan<\/h2>\n<p>Au tout d\u00e9but vous avez besoin d&rsquo;une <strong>surface claire<\/strong> devant laquelle vous pouvez vous faire photographier. Le mieux serait un mur blanc, sur lequel aucune image n&rsquo;est accroch\u00e9e et aucune armoire n&rsquo;est visible. Au cas o\u00f9, vous pouvez accrochez un drap blanc devant le cadre de la porte.<\/p>\n<h2>D\u00e9coupe de photo<\/h2>\n<p>Le mieux c&rsquo;est de se faire photographier par quelqu&rsquo;un de <strong>proche distance<\/strong>. La d\u00e9coupe ne dois pas \u00eatre trop petite ou trop pr\u00e8s. Incluiez le torse et un peu d&rsquo;espace libre au-dessus de la t\u00eate.<\/p>\n<h2>Photo d&rsquo;identit\u00e9 biom\u00e9trique?<\/h2>\n<p>Selon la raison pour laquelle vous devez utilis\u00e9 la photo, il faut respecter les <a href=\"https:\/\/www.idphoto.app\/aide\/passeport\/comment-faire-une-photo-biometrique-de-passeport\/\">directives respectives pour une photo d&rsquo;identit\u00e9 biom\u00e9trique<\/a>.<\/p>\n<p>Si vous avez des probl\u00e8mes avec des ombrages, \u00e9loignez-vous quelques pas de l&rsquo;arri\u00e8re-fond\/du mur. A la distance de 40 cm de l&rsquo;arri\u00e8re-plan, les ombrages devraient devenir moins. Au cas ou cela n&rsquo;aide pas, d\u00e9sactivez le flash ou changez les conditions lumineuses.<\/p>\n<h2>Utiliser le g\u00e9n\u00e9rateur de photo d&rsquo;identit\u00e9<\/h2>\n<p>Si vous \u00eates satisfait avec votre photo, vous pouvez la t\u00e9l\u00e9charger dans notre <a href=\"https:\/\/www.idphoto.app\/fr\/upload\/photo-passeport\">g\u00e9n\u00e9rateur de photo d&rsquo;identit\u00e9<\/a> et la r\u00e9ajuster au mod\u00e8le biom\u00e9trique. Faites attention aux yeux qu&rsquo;ils soient align\u00e9s horizontalement.<\/p>\n<p>&nbsp;<\/p>\n<div style=\"float: left; margin: 0px 0.5em; width: 47%;\">\n<h2>Par t\u00e9l\u00e9chargement<\/h2>\n<p>A la fin vous pouvez <strong>t\u00e9l\u00e9charger gratuitement votre photo d\u2019identit\u00e9<\/strong>. Si vous voulez l\u2019imprimer par vous-m\u00eame, nous vous invitons de lire <a href=\"https:\/\/www.idphoto.app\/aide\/photo-de-passeport\/imprimez-vous-meme-photo-d-identite\/\">cette instruction<\/a>.<\/p>\n<\/div>\n<div style=\"float: left; margin: 0px 0.5em; width: 47%;\">\n<h2>Par voie postale<\/h2>\n<p>Ou vous commandez tout simplement <strong>6 photos d\u2018identit\u00e9 pour 14.90<sup>1<\/sup> CHF, frais de transport inclus.<\/strong><\/p>\n<\/div>\n","protected":false},"excerpt":{"rendered":"Arri\u00e8re-plan Au tout d\u00e9but vous avez besoin d&rsquo;une surface claire devant laquelle vous pouvez vous faire photographier. Le mieux serait un mur blanc, sur lequel aucune image n&rsquo;est accroch\u00e9e et aucune armoire n&rsquo;est visible. Au cas o\u00f9, vous pouvez accrochez un drap blanc devant le cadre de la porte. D\u00e9coupe de photo Le mieux c&rsquo;est&#8230; <a class=\"view-article\" href=\"https:\/\/www.idphoto.app\/aide\/photo-de-passeport\/comment-fais-je-une-photo-de-passeport-mode-emploi\/\">Lire l\u2019article<\/a>","protected":false},"author":1,"featured_media":0,"parent":142,"menu_order":0,"comment_status":"open","ping_status":"closed","template":"","meta":[],"_links":{"self":[{"href":"https:\/\/www.idphoto.app\/aide\/wp-json\/wp\/v2\/pages\/310"}],"collection":[{"href":"https:\/\/www.idphoto.app\/aide\/wp-json\/wp\/v2\/pages"}],"about":[{"href":"https:\/\/www.idphoto.app\/aide\/wp-json\/wp\/v2\/types\/page"}],"author":[{"embeddable":true,"href":"https:\/\/www.idphoto.app\/aide\/wp-json\/wp\/v2\/users\/1"}],"replies":[{"embeddable":true,"href":"https:\/\/www.idphoto.app\/aide\/wp-json\/wp\/v2\/comments?post=310"}],"version-history":[{"count":4,"href":"https:\/\/www.idphoto.app\/aide\/wp-json\/wp\/v2\/pages\/310\/revisions"}],"predecessor-version":[{"id":1936,"href":"https:\/\/www.idphoto.app\/aide\/wp-json\/wp\/v2\/pages\/310\/revisions\/1936"}],"up":[{"embeddable":true,"href":"https:\/\/www.idphoto.app\/aide\/wp-json\/wp\/v2\/pages\/142"}],"wp:attachment":[{"href":"https:\/\/www.idphoto.app\/aide\/wp-json\/wp\/v2\/media?parent=310"}],"curies":[{"name":"wp","href":"https:\/\/api.w.org\/{rel}","templated":true}]}}