{"id":289,"date":"2009-10-15T23:09:19","date_gmt":"2009-10-15T21:09:19","guid":{"rendered":"http:\/\/www.idphoto.app\/?page_id=289"},"modified":"2017-01-27T10:21:50","modified_gmt":"2017-01-27T09:21:50","slug":"photos-de-candidature","status":"publish","type":"page","link":"https:\/\/www.idphoto.app\/aide\/candidature\/photos-de-candidature\/","title":{"rendered":"Photos de candidature"},"content":{"rendered":"<h2>Format<\/h2>\n<p>En g\u00e9n\u00e9rale, une photo de candidature se fait au format 60 mm x 45 mm, ce qui est un peu plus grand qu\u2019une photo pour passeport habituelle. La photo de candidature devrait se faire en format portrait, donc contenir seulement la t\u00eate, les \u00e9paules et \u00e9ventuellement une partie de la poitrine. Par une photo de candidature vous avez la possibilit\u00e9 de vous mettre essentiellement en sc\u00e8ne et de vous pr\u00e9senter &#8211; la premi\u00e8re impression compte!<\/p>\n<h2>Regard et position de la t\u00eate<\/h2>\n<p>Une vue directe et un sourire sympa et naturel vous font aimable et authentique. La t\u00eate devrait \u00eatre centr\u00e9e sur la photo. Il existe aussi la possibilit\u00e9 de prendre la photo l\u00e9g\u00e8rement de c\u00f4t\u00e9. Une position de t\u00eate l\u00e9g\u00e8rement oblique est aussi possible, mais n\u2019exag\u00e9rez pas, s\u2019il vous pla\u00eet. Pour ceci nous vous sugg\u00e9rons d&rsquo;utiliser le mod\u00e8le adapt\u00e9 de notre <a href=\"https:\/\/www.idphoto.app\/fr\/upload\/photo-d-application\">g\u00e9n\u00e9rateur pour photo de candidature<\/a>.<\/p>\n<h2>Habillement et coiffure<\/h2>\n<p>Est-ce qu&rsquo;il s&rsquo;agit d&rsquo;une entreprise conservative ou est-ce que les contraintes vestimentaires sont plut\u00f4t lib\u00e9rales? Si vous optez de candidater pour un poste d\u2019\u00e9ducateur de rues, un costume serait probablement ampoul\u00e9. D\u00e9pendant du secteur diff\u00e9rente possibilit\u00e9 existent. Avec des couleurs sombres \u2013 pour des femmes un blouson et un blazer, pour des hommes une chemise, une cravate et une jaquette \u2013 les candidats se trouvent du c\u00f4t\u00e9 s\u00fbr pour la plupart des jobs. Des couleurs acidul\u00e9es et des motifs sont \u00e0 \u00e9viter. En ce qui concerne l\u2019habillement un certain tact est demand\u00e9, la r\u00e8gle grossi\u00e8re est\u00a0: c\u2019est mieux de s\u2019habiller trop chic, que vice versa. Les cheveux devraient avoir l\u2019air ordonn\u00e9s. Le mieux c\u2019est de prendre la photo quelques jours apr\u00e8s avoir pass\u00e9 chez le coiffeur. En outre, gr\u00e2ce \u00e0 la t\u00e9chnique digitale vous pouvez prendre plusieurs photos et ne choisir que la meilleure.<\/p>\n<h2>Lieu de la photo<\/h2>\n<p>L\u2019important c\u2019est de choisir un fond neutre pour votre photo, qui offre un contraste fort avec vos habillements. G\u00e9n\u00e9ralement un mur blanc est suffisant. Si vous choisissez une cabine de photomaton les possibilit\u00e9s sont plus que limit\u00e9e. Pour le cas que vous allez postuler pour un job en pleine air, par exemple comme jardinier, vous pouvez \u00e9ventuellement aussi prendre la photo en pleine air, mais freinez votre envie d\u2019exp\u00e9rimenter. Surtout les chefs de personnels des grandes entreprises ont d\u00e9j\u00e0 vu des centaines des photos et ont d\u00e9velopp\u00e9 une grille par laquelle votre photo de candidature et ainsi votre candidature peut tomber \u00e0 travers.<\/p>\n<p>&nbsp;<\/p>\n<p><strong>Nous vous souhaitons bonne chance!<\/strong><\/p>\n","protected":false},"excerpt":{"rendered":"Format En g\u00e9n\u00e9rale, une photo de candidature se fait au format 60 mm x 45 mm, ce qui est un peu plus grand qu\u2019une photo pour passeport habituelle. La photo de candidature devrait se faire en format portrait, donc contenir seulement la t\u00eate, les \u00e9paules et \u00e9ventuellement une partie de la poitrine. Par une photo&#8230; <a class=\"view-article\" href=\"https:\/\/www.idphoto.app\/aide\/candidature\/photos-de-candidature\/\">Lire l\u2019article<\/a>","protected":false},"author":1,"featured_media":0,"parent":285,"menu_order":0,"comment_status":"open","ping_status":"closed","template":"","meta":[],"_links":{"self":[{"href":"https:\/\/www.idphoto.app\/aide\/wp-json\/wp\/v2\/pages\/289"}],"collection":[{"href":"https:\/\/www.idphoto.app\/aide\/wp-json\/wp\/v2\/pages"}],"about":[{"href":"https:\/\/www.idphoto.app\/aide\/wp-json\/wp\/v2\/types\/page"}],"author":[{"embeddable":true,"href":"https:\/\/www.idphoto.app\/aide\/wp-json\/wp\/v2\/users\/1"}],"replies":[{"embeddable":true,"href":"https:\/\/www.idphoto.app\/aide\/wp-json\/wp\/v2\/comments?post=289"}],"version-history":[{"count":2,"href":"https:\/\/www.idphoto.app\/aide\/wp-json\/wp\/v2\/pages\/289\/revisions"}],"predecessor-version":[{"id":1966,"href":"https:\/\/www.idphoto.app\/aide\/wp-json\/wp\/v2\/pages\/289\/revisions\/1966"}],"up":[{"embeddable":true,"href":"https:\/\/www.idphoto.app\/aide\/wp-json\/wp\/v2\/pages\/285"}],"wp:attachment":[{"href":"https:\/\/www.idphoto.app\/aide\/wp-json\/wp\/v2\/media?parent=289"}],"curies":[{"name":"wp","href":"https:\/\/api.w.org\/{rel}","templated":true}]}}