{"id":285,"date":"2009-10-15T23:08:05","date_gmt":"2009-10-15T21:08:05","guid":{"rendered":"http:\/\/www.idphoto.app\/?page_id=285"},"modified":"2016-07-15T10:36:00","modified_gmt":"2016-07-15T08:36:00","slug":"candidature","status":"publish","type":"page","link":"https:\/\/www.idphoto.app\/aide\/candidature\/","title":{"rendered":"Candidature"},"content":{"rendered":"<p>Produire une candidature avec tout ce qui va avec n&rsquo;est pas facile \u00e0 faire. Important \u00e0 c\u00f4t\u00e9 des comp\u00e9tences et qualifications est, en outre, la premi\u00e8re impression, car elle compte comme on le sait. Qui devait avoir l&rsquo;intention de d\u00e9corer sa lettre de motivation d&rsquo;une photo, doit faire attention \u00e0 quelques d\u00e9tails essentiels. Naturellement c&rsquo;est d\u00e9cisif chez quelle entreprise on voudrait candidater. Ce n&rsquo;est pas toujours d&rsquo;avantage de porter un costume et une cravate \u2013 une apparence soign\u00e9e par contre l&rsquo;est.<\/p>\n<p>Finalement, chacun est libre de s&rsquo;habiller comme il le veut. Pourtant, la photo devait remplir les crit\u00e8res suivants que nous avons r\u00e9sum\u00e9 sur la <a href=\"https:\/\/www.idphoto.app\/aide\/candidature\/photos-de-candidature\/\">page suivante<\/a>.<\/p>\n<p>&nbsp;<\/p>\n<p>&nbsp;<\/p>\n","protected":false},"excerpt":{"rendered":"Produire une candidature avec tout ce qui va avec n&rsquo;est pas facile \u00e0 faire. Important \u00e0 c\u00f4t\u00e9 des comp\u00e9tences et qualifications est, en outre, la premi\u00e8re impression, car elle compte comme on le sait. Qui devait avoir l&rsquo;intention de d\u00e9corer sa lettre de motivation d&rsquo;une photo, doit faire attention \u00e0 quelques d\u00e9tails essentiels. Naturellement c&rsquo;est&#8230; <a class=\"view-article\" href=\"https:\/\/www.idphoto.app\/aide\/candidature\/\">Lire l\u2019article<\/a>","protected":false},"author":1,"featured_media":0,"parent":0,"menu_order":0,"comment_status":"open","ping_status":"closed","template":"persofoto3-wp-theme\/lexikonkategorie_template.php","meta":[],"_links":{"self":[{"href":"https:\/\/www.idphoto.app\/aide\/wp-json\/wp\/v2\/pages\/285"}],"collection":[{"href":"https:\/\/www.idphoto.app\/aide\/wp-json\/wp\/v2\/pages"}],"about":[{"href":"https:\/\/www.idphoto.app\/aide\/wp-json\/wp\/v2\/types\/page"}],"author":[{"embeddable":true,"href":"https:\/\/www.idphoto.app\/aide\/wp-json\/wp\/v2\/users\/1"}],"replies":[{"embeddable":true,"href":"https:\/\/www.idphoto.app\/aide\/wp-json\/wp\/v2\/comments?post=285"}],"version-history":[{"count":2,"href":"https:\/\/www.idphoto.app\/aide\/wp-json\/wp\/v2\/pages\/285\/revisions"}],"predecessor-version":[{"id":1965,"href":"https:\/\/www.idphoto.app\/aide\/wp-json\/wp\/v2\/pages\/285\/revisions\/1965"}],"wp:attachment":[{"href":"https:\/\/www.idphoto.app\/aide\/wp-json\/wp\/v2\/media?parent=285"}],"curies":[{"name":"wp","href":"https:\/\/api.w.org\/{rel}","templated":true}]}}