{"id":249,"date":"2009-10-15T00:00:21","date_gmt":"2009-10-14T22:00:21","guid":{"rendered":"http:\/\/www.idphoto.app\/?page_id=249"},"modified":"2016-07-15T09:11:54","modified_gmt":"2016-07-15T07:11:54","slug":"imprimez-vous-meme-photo-d-identite","status":"publish","type":"page","link":"https:\/\/www.idphoto.app\/aide\/photo-de-passeport\/imprimez-vous-meme-photo-d-identite\/","title":{"rendered":"Imprimez vous-m\u00eame votre photo d&rsquo;identit\u00e9"},"content":{"rendered":"<p>Vous pouvez imprimer vos photos \u00e0 la maison si la photo imprim\u00e9e satisfait aux conditions suivantes :<\/p>\n<ul class=\"anforderungen\">\n<li>Vous avez besoin d&rsquo;une <strong>bonne imprimante photo<\/strong>, avec une haute r\u00e9solution et une repr\u00e9sentation r\u00e9aliste de la couleur, si vous souhaitez imprimer vos photos d&rsquo;identit\u00e9 par vous-m\u00eame.<\/li>\n<li>Le mat\u00e9riel de la photo pour la carte d&rsquo;identit\u00e9, les passeports et les permis de conduire, doivent pr\u00e9senter les caract\u00e9ristiques d&rsquo;un <strong>papier photographique<\/strong> classique. Elle doit \u00eatre <strong>insensible \u00e0 l&rsquo;humidit\u00e9<\/strong> (par exemple \u00e0 la sueur des mains). Par cons\u00e9quent, vous devez utiliser uniquement du papier photographique lisse pour l&rsquo;impression.<\/li>\n<li>La <strong>stabilit\u00e9 m\u00e9canique de la surface<\/strong> doit \u00e9galement \u00eatre assur\u00e9e (par exemple aucune trace d&rsquo;un papier collant doit rest\u00e9e coll\u00e9e sur la photo).<\/li>\n<li>La photo <strong>ne doit pas \u00eatre imprim\u00e9e sur papier fin.<\/strong><\/li>\n<li>La <strong>taille de l&rsquo;image imprim\u00e9e doit \u00eatre de 35 mm x 45 mm<\/strong>. Certains logiciels de traitement des photos vous permetten d&rsquo;ajuster la taille de l&rsquo;image. Si non, sous <a href=\"https:\/\/www.idphoto.app\/aide\/photo-de-passeport\/taille\/\">\u00ab\u00a0photo d&rsquo;identit\u00e9 &gt; taille &amp; format\u00a0\u00bb<\/a> vous trouvez un exemple de calcul, comment d\u00e9terminer la bonne taille. Veuillez v\u00e9rifier si la taille r\u00e9elle de l&rsquo;image imprim\u00e9e correspond au format demand\u00e9.<\/li>\n<\/ul>\n<p><em>Selon la loi sur les documents d&rsquo;identit\u00e9, l&rsquo;\u00e9valuation des photos d&rsquo;identit\u00e9 en regard du traitement incombe exclusivement \u00e0 l&rsquo;autorit\u00e9 comp\u00e9tente.<\/em><\/p>\n","protected":false},"excerpt":{"rendered":"Vous pouvez imprimer vos photos \u00e0 la maison si la photo imprim\u00e9e satisfait aux conditions suivantes : Vous avez besoin d&rsquo;une bonne imprimante photo, avec une haute r\u00e9solution et une repr\u00e9sentation r\u00e9aliste de la couleur, si vous souhaitez imprimer vos photos d&rsquo;identit\u00e9 par vous-m\u00eame. Le mat\u00e9riel de la photo pour la carte d&rsquo;identit\u00e9, les passeports&#8230; <a class=\"view-article\" href=\"https:\/\/www.idphoto.app\/aide\/photo-de-passeport\/imprimez-vous-meme-photo-d-identite\/\">Lire l\u2019article<\/a>","protected":false},"author":1,"featured_media":0,"parent":142,"menu_order":0,"comment_status":"open","ping_status":"closed","template":"","meta":[],"_links":{"self":[{"href":"https:\/\/www.idphoto.app\/aide\/wp-json\/wp\/v2\/pages\/249"}],"collection":[{"href":"https:\/\/www.idphoto.app\/aide\/wp-json\/wp\/v2\/pages"}],"about":[{"href":"https:\/\/www.idphoto.app\/aide\/wp-json\/wp\/v2\/types\/page"}],"author":[{"embeddable":true,"href":"https:\/\/www.idphoto.app\/aide\/wp-json\/wp\/v2\/users\/1"}],"replies":[{"embeddable":true,"href":"https:\/\/www.idphoto.app\/aide\/wp-json\/wp\/v2\/comments?post=249"}],"version-history":[{"count":2,"href":"https:\/\/www.idphoto.app\/aide\/wp-json\/wp\/v2\/pages\/249\/revisions"}],"predecessor-version":[{"id":1939,"href":"https:\/\/www.idphoto.app\/aide\/wp-json\/wp\/v2\/pages\/249\/revisions\/1939"}],"up":[{"embeddable":true,"href":"https:\/\/www.idphoto.app\/aide\/wp-json\/wp\/v2\/pages\/142"}],"wp:attachment":[{"href":"https:\/\/www.idphoto.app\/aide\/wp-json\/wp\/v2\/media?parent=249"}],"curies":[{"name":"wp","href":"https:\/\/api.w.org\/{rel}","templated":true}]}}