{"id":211,"date":"2009-10-13T23:09:24","date_gmt":"2009-10-13T21:09:24","guid":{"rendered":"http:\/\/www.idphoto.app\/?page_id=211"},"modified":"2016-07-15T10:23:50","modified_gmt":"2016-07-15T08:23:50","slug":"passeport-provisoire","status":"publish","type":"page","link":"https:\/\/www.idphoto.app\/aide\/passeport\/passeport-provisoire\/","title":{"rendered":"Passeport provisoire"},"content":{"rendered":"<h2>Demande d&rsquo;un passeport provisoire<\/h2>\n<p>Un passeport provisoire peut \u00eatre demand\u00e9 aupr\u00e8s l&rsquo;autorit\u00e9 comp\u00e9tente de d\u00e9livrance. Il est d\u00e9livr\u00e9 par l&rsquo;autorit\u00e9 comp\u00e9tente et donn\u00e9 au demandeur. Une consultation ult\u00e9rieure peut \u00eatre omise si l\u2019identit\u00e9 et les donn\u00e9es personnelles de la personne ayant fait la demande sont clairement d\u00e9finis.<\/p>\n<p>Toutefois, il est \u00e0 mentionner qu&rsquo;un passeport provisoire n\u2019est valable que pour la dur\u00e9e du voyage pr\u00e9vu et que non chaque pays accepte un tel. L&rsquo;entr\u00e9e aux \u00c9tats-Unis est autoris\u00e9e uniquement avec un passeport provisoire en combinaison avec un visa.<\/p>\n<p>&nbsp;<\/p>\n<p><img src=\"https:\/\/www.idphoto.app\/aide\/wp-content\/uploads\/2010\/04\/provisorischer_pass.-ContentPar-0002-Image.ContentParimage.0.1.jpeg.jpg\" alt=\"Provisorischer Pass\" width=\"430\" height=\"200\" \/><\/p>\n<h2><\/h2>\n<h2>Co\u00fbts d&rsquo;un passeport provisoire<\/h2>\n<p>Le co\u00fbt d\u2019un passeport provisoire pour enfants, adolescents et adultes se l\u00e8ve \u00e0 CHF 100.-. Vous trouvez tous les frais dans le tableau d\u00e9taill\u00e9 des <a href=\"https:\/\/www.idphoto.app\/aide\/passeport\/prix\/\">co\u00fbts de tous les documents d&rsquo;identit\u00e9 suisses<\/a>.<\/p>\n<p>&nbsp;<\/p>\n","protected":false},"excerpt":{"rendered":"Demande d&rsquo;un passeport provisoire Un passeport provisoire peut \u00eatre demand\u00e9 aupr\u00e8s l&rsquo;autorit\u00e9 comp\u00e9tente de d\u00e9livrance. Il est d\u00e9livr\u00e9 par l&rsquo;autorit\u00e9 comp\u00e9tente et donn\u00e9 au demandeur. Une consultation ult\u00e9rieure peut \u00eatre omise si l\u2019identit\u00e9 et les donn\u00e9es personnelles de la personne ayant fait la demande sont clairement d\u00e9finis. Toutefois, il est \u00e0 mentionner qu&rsquo;un passeport provisoire&#8230; <a class=\"view-article\" href=\"https:\/\/www.idphoto.app\/aide\/passeport\/passeport-provisoire\/\">Lire l\u2019article<\/a>","protected":false},"author":1,"featured_media":0,"parent":37,"menu_order":0,"comment_status":"open","ping_status":"closed","template":"","meta":[],"_links":{"self":[{"href":"https:\/\/www.idphoto.app\/aide\/wp-json\/wp\/v2\/pages\/211"}],"collection":[{"href":"https:\/\/www.idphoto.app\/aide\/wp-json\/wp\/v2\/pages"}],"about":[{"href":"https:\/\/www.idphoto.app\/aide\/wp-json\/wp\/v2\/types\/page"}],"author":[{"embeddable":true,"href":"https:\/\/www.idphoto.app\/aide\/wp-json\/wp\/v2\/users\/1"}],"replies":[{"embeddable":true,"href":"https:\/\/www.idphoto.app\/aide\/wp-json\/wp\/v2\/comments?post=211"}],"version-history":[{"count":2,"href":"https:\/\/www.idphoto.app\/aide\/wp-json\/wp\/v2\/pages\/211\/revisions"}],"predecessor-version":[{"id":1956,"href":"https:\/\/www.idphoto.app\/aide\/wp-json\/wp\/v2\/pages\/211\/revisions\/1956"}],"up":[{"embeddable":true,"href":"https:\/\/www.idphoto.app\/aide\/wp-json\/wp\/v2\/pages\/37"}],"wp:attachment":[{"href":"https:\/\/www.idphoto.app\/aide\/wp-json\/wp\/v2\/media?parent=211"}],"curies":[{"name":"wp","href":"https:\/\/api.w.org\/{rel}","templated":true}]}}