{"id":2065,"date":"2017-09-17T13:35:40","date_gmt":"2017-09-17T11:35:40","guid":{"rendered":"https:\/\/www.idphoto.app\/aide\/?page_id=2065"},"modified":"2017-09-17T13:35:40","modified_gmt":"2017-09-17T11:35:40","slug":"demande-de-visa","status":"publish","type":"page","link":"https:\/\/www.idphoto.app\/aide\/demande-de-visa\/","title":{"rendered":"Demande de Visa"},"content":{"rendered":"<h2>D&rsquo;o\u00f9 on re\u00e7oit un visa ou dans trois simples pas vers le visa<\/h2>\n<p>A c\u00f4t\u00e9 de la cr\u00e9ation de vos\u00a0<a href=\"https:\/\/www.idphoto.app\/fr\/upload\/visa-photo\">photos de visa<\/a>\u00a0chez idphoto, vous avez la possibilit\u00e9 de demander et d\u2019obtenir votre visa, avec tout que cela qui va avec, avec notre partenaire\u00a0<a href=\"http:\/\/visaworld.ch\/idphoto\">Visaworld<\/a>. Dans ce cas, Visaworld se prend en charge de\u00a0<strong>toutes<\/strong>\u00a0les formalit\u00e9s pour vous et vous d\u00e9charge quant \u00e0 la coordination avec le consulat respectif.<\/p>\n<p>Dans le premier pas, vous choisissez votre destination et remplissez ensuite, le\u00a0<a href=\"http:\/\/visaworld.ch\/idphoto\">formulaire d&rsquo;inscription<\/a>\u00a0de Visaworld, apr\u00e8s quoi vous \u00eates contact\u00e9s pendant trois heures (\u00e0 des heures de bureau) par les employ\u00e9es de Visaworld. Ici, vous recevez des indications exactes aux documents n\u00e9cessaires que vous retransmettez ensuite.<\/p>\n<p>Dans n\u2019importe quel pays vous voudriez voyager, comme expert dans ce domaine\u00a0<a href=\"http:\/\/visaworld.ch\/idphoto\">Visaworld<\/a>\u00a0se prend en charge de toutes vos formalit\u00e9s, jusqu&rsquo;\u00e0 l&rsquo;enl\u00e8vement du visa aupr\u00e8s du consulat respectif. Vous n\u2019avez plus besoin de vous en occuper et vous pouvez consacrer votre temps aux questions agr\u00e9ables de votre s\u00e9jour \u00e0 l\u2019\u00e9tranger \u2013 et il y en a certainement certains!<\/p>\n<p><a class=\"flat-button orange-flat-button\" title=\"Weiter zu Visaworld\" href=\"https:\/\/www.visaworld.ch\/idphoto\">Continuer vers Visaworld \u00bb<\/a><\/p>\n","protected":false},"excerpt":{"rendered":"D&rsquo;o\u00f9 on re\u00e7oit un visa ou dans trois simples pas vers le visa A c\u00f4t\u00e9 de la cr\u00e9ation de vos\u00a0photos de visa\u00a0chez idphoto, vous avez la possibilit\u00e9 de demander et d\u2019obtenir votre visa, avec tout que cela qui va avec, avec notre partenaire\u00a0Visaworld. Dans ce cas, Visaworld se prend en charge de\u00a0toutes\u00a0les formalit\u00e9s pour vous&#8230; <a class=\"view-article\" href=\"https:\/\/www.idphoto.app\/aide\/demande-de-visa\/\">Lire l\u2019article<\/a>","protected":false},"author":3,"featured_media":0,"parent":0,"menu_order":0,"comment_status":"closed","ping_status":"closed","template":"lexikonkategorie_template.php","meta":[],"_links":{"self":[{"href":"https:\/\/www.idphoto.app\/aide\/wp-json\/wp\/v2\/pages\/2065"}],"collection":[{"href":"https:\/\/www.idphoto.app\/aide\/wp-json\/wp\/v2\/pages"}],"about":[{"href":"https:\/\/www.idphoto.app\/aide\/wp-json\/wp\/v2\/types\/page"}],"author":[{"embeddable":true,"href":"https:\/\/www.idphoto.app\/aide\/wp-json\/wp\/v2\/users\/3"}],"replies":[{"embeddable":true,"href":"https:\/\/www.idphoto.app\/aide\/wp-json\/wp\/v2\/comments?post=2065"}],"version-history":[{"count":2,"href":"https:\/\/www.idphoto.app\/aide\/wp-json\/wp\/v2\/pages\/2065\/revisions"}],"predecessor-version":[{"id":2068,"href":"https:\/\/www.idphoto.app\/aide\/wp-json\/wp\/v2\/pages\/2065\/revisions\/2068"}],"wp:attachment":[{"href":"https:\/\/www.idphoto.app\/aide\/wp-json\/wp\/v2\/media?parent=2065"}],"curies":[{"name":"wp","href":"https:\/\/api.w.org\/{rel}","templated":true}]}}