{"id":2025,"date":"2016-12-12T22:55:42","date_gmt":"2016-12-12T21:55:42","guid":{"rendered":"https:\/\/www.idphoto.app\/aide\/?page_id=2025"},"modified":"2016-12-12T22:56:21","modified_gmt":"2016-12-12T21:56:21","slug":"commentaire","status":"publish","type":"page","link":"https:\/\/www.idphoto.app\/aide\/carte-de-legitimation-ai\/commentaire\/","title":{"rendered":"Commentaire"},"content":{"rendered":"<p>L&rsquo;AI est le principal pilier de la pr\u00e9voyance invalidit\u00e9 en Suisse (1<sup>er\u00a0<\/sup>pilier). Comme l&rsquo;AVS, l&rsquo;assurance-invalidit\u00e9 (AI) est une assurance obligatoire visant \u00e0 garantir les moyens d&rsquo;existence aux personnes assur\u00e9es devenues invalides, que ce soit par des mesures de r\u00e9adaptation ou des rentes.<\/p>\n<p>Comme l\u2019AVS et l\u2019assurance-maladie, l\u2019assurance-invalidit\u00e9 suisse (AI) est une assurance obligatoire s\u2019\u00e9tendant \u00e0 tout le territoire suisse. Elle vise \u00e0 garantir les moyens d\u2019existence aux personnes assur\u00e9es devenues invalides, que ce soit par des mesures de r\u00e9adaptation ou par des prestations en esp\u00e8ces.<\/p>\n<p>Comme en mati\u00e8re d&rsquo;AVS et de prestations compl\u00e9mentaires, un droit aux prestations de l&rsquo;AI est reconnu lorsque les conditions fix\u00e9es pr\u00e9cis\u00e9ment dans la loi sont remplies.<\/p>\n<p>L&rsquo;assurance-invalidit\u00e9 suisse existe depuis 1960. Son origine remonte m\u00eame \u00e0 1925 d\u00e9j\u00e0, lorsque le peuple suisse approuvait en votation populaire l&rsquo;article constitutionnel visant \u00e0 cr\u00e9er une assurance-vieillesse et une assurance-invalidit\u00e9.<\/p>\n<p style=\"text-align: right; padding-left: 510px;\"><strong><em>Source: Centre d&rsquo;information AVS\/ AI<\/em><\/strong><\/p>\n","protected":false},"excerpt":{"rendered":"L&rsquo;AI est le principal pilier de la pr\u00e9voyance invalidit\u00e9 en Suisse (1er\u00a0pilier). Comme l&rsquo;AVS, l&rsquo;assurance-invalidit\u00e9 (AI) est une assurance obligatoire visant \u00e0 garantir les moyens d&rsquo;existence aux personnes assur\u00e9es devenues invalides, que ce soit par des mesures de r\u00e9adaptation ou des rentes. Comme l\u2019AVS et l\u2019assurance-maladie, l\u2019assurance-invalidit\u00e9 suisse (AI) est une assurance obligatoire s\u2019\u00e9tendant \u00e0&#8230; <a class=\"view-article\" href=\"https:\/\/www.idphoto.app\/aide\/carte-de-legitimation-ai\/commentaire\/\">Lire l\u2019article<\/a>","protected":false},"author":3,"featured_media":0,"parent":2023,"menu_order":0,"comment_status":"closed","ping_status":"closed","template":"","meta":[],"_links":{"self":[{"href":"https:\/\/www.idphoto.app\/aide\/wp-json\/wp\/v2\/pages\/2025"}],"collection":[{"href":"https:\/\/www.idphoto.app\/aide\/wp-json\/wp\/v2\/pages"}],"about":[{"href":"https:\/\/www.idphoto.app\/aide\/wp-json\/wp\/v2\/types\/page"}],"author":[{"embeddable":true,"href":"https:\/\/www.idphoto.app\/aide\/wp-json\/wp\/v2\/users\/3"}],"replies":[{"embeddable":true,"href":"https:\/\/www.idphoto.app\/aide\/wp-json\/wp\/v2\/comments?post=2025"}],"version-history":[{"count":1,"href":"https:\/\/www.idphoto.app\/aide\/wp-json\/wp\/v2\/pages\/2025\/revisions"}],"predecessor-version":[{"id":2026,"href":"https:\/\/www.idphoto.app\/aide\/wp-json\/wp\/v2\/pages\/2025\/revisions\/2026"}],"up":[{"embeddable":true,"href":"https:\/\/www.idphoto.app\/aide\/wp-json\/wp\/v2\/pages\/2023"}],"wp:attachment":[{"href":"https:\/\/www.idphoto.app\/aide\/wp-json\/wp\/v2\/media?parent=2025"}],"curies":[{"name":"wp","href":"https:\/\/api.w.org\/{rel}","templated":true}]}}