{"id":2023,"date":"2016-12-12T22:37:52","date_gmt":"2016-12-12T21:37:52","guid":{"rendered":"https:\/\/www.idphoto.app\/aide\/?page_id=2023"},"modified":"2016-12-16T10:01:07","modified_gmt":"2016-12-16T09:01:07","slug":"carte-de-legitimation-ai","status":"publish","type":"page","link":"https:\/\/www.idphoto.app\/aide\/carte-de-legitimation-ai\/","title":{"rendered":"Carte de l\u00e9gitimation AI"},"content":{"rendered":"<h1>Carte de l\u00e9gitimation pour b\u00e9n\u00e9ficiaires de rentes AI<br \/>\net d\u2019allocations pour impotent<\/h1>\n<h2>Comp\u00e9tence et proc\u00e9dure<\/h2>\n<p>Les offices AI attestent depuis le 1er janvier 1996 la perception d\u2019une rente AI au moyen d\u2019une carte de l\u00e9gitimation AI. La remise de ce document est obligatoire et se fait d\u2019office avec la notification de la d\u00e9cision \u00e0 l\u2019assur\u00e9. La dur\u00e9e de validit\u00e9 ne peut d\u00e9passer la date de la prochaine r\u00e9vision de la rente. A partir du 1 mai 2015, les offices AI attesteront aussi, \u00e0 la demande de l\u2019assur\u00e9 ou de son repr\u00e9sentant l\u00e9gal, la perception d\u2019une allocation pour impotent, mineur ou adulte. Tant la dur\u00e9e de validit\u00e9 que le format de la carte seront les m\u00eames pour l\u2019attestation de la rente et de l\u2019allocation pour impotent, si bien que les modalit\u00e9s d\u2019\u00e9tablissement du document peuvent rester les m\u00eames. Le Centre d\u2019information AVS\/AI imprimera d\u00e9sormais une carte de l\u00e9gitimation pour la rente et une pour l\u2019allocation pour impotent, et les mettra \u00e0 la disposition des offices AI. Ceux-ci pourront les commander au centre d\u2019information (www.shop.ahv-iv.ch dans le domaine cartes de l\u00e9gitimation num\u00e9ro d\u2019article 220-M.) La lettre circulaire no 94 du 17 novembre 1995 est abrog\u00e9e et le formulaire 318.629 \u00ab L\u00e9gitimation pour le retrait d\u2019un abonnement g\u00e9n\u00e9ral pour handicap\u00e9s \u00bb n\u2019est plus utilis\u00e9.<\/p>\n<h2>Remarques \u00e0 propos des rabais \u00e9ventuels accord\u00e9s par des entreprises<\/h2>\n<p>Certaines entreprises, de transport notamment, par ex. les CFF, accordent des rabais aux personnes atteintes dans leur sant\u00e9. Ainsi, la preuve de la perception d\u2019une rente AI en cours donne droit \u00e0 un rabais sur l\u2019abonnement g\u00e9n\u00e9ral (aspect financier). Les entreprises de transport peuvent aussi accorder aux personnes avec un handicap qui ont besoin d\u2019accompagnement pour emprunter les transports publics des billets gratuits pour les accompagnants (aspect li\u00e9 au handicap). L\u2019attestation d\u2019une allocation pour impotent en cours peut donner droit \u00e0 de tels rabais ou billets gratuits. Mais nombre d\u2019entreprises demandent un certificat m\u00e9dical attestant individuellement que le passager est atteint dans sa sant\u00e9 au point de ne pouvoir voyager sans accompagnant. Les offices AI ne peuvent donc attester par la carte de l\u00e9gitimation que la perception d\u2019une rente AI ou d\u2019une allocation pour impotent, mais non se substituer au m\u00e9decin. Les entreprises sont libres de reconna\u00eetre ces cartes de l\u00e9gitimation pour l\u2019octroi de rabais ou de demander d\u2019autres attestations de handicap.<\/p>\n<p><strong>Source: OFAS, \u00ab\u00a0Lettre circulaire AI n 333\u00a0\u00bb, <a href=\"http:\/\/www.bsv.admin.ch\/vollzug\/documents\/view\/4357\/lang:deu\/category:35\">http:\/\/www.bsv.admin.ch\/vollzug\/documents\/view\/4357\/lang:fre\/category:35<\/a>, 04.05.2015<\/strong><\/p>\n","protected":false},"excerpt":{"rendered":"Carte de l\u00e9gitimation pour b\u00e9n\u00e9ficiaires de rentes AI et d\u2019allocations pour impotent Comp\u00e9tence et proc\u00e9dure Les offices AI attestent depuis le 1er janvier 1996 la perception d\u2019une rente AI au moyen d\u2019une carte de l\u00e9gitimation AI. La remise de ce document est obligatoire et se fait d\u2019office avec la notification de la d\u00e9cision \u00e0 l\u2019assur\u00e9&#8230;. <a class=\"view-article\" href=\"https:\/\/www.idphoto.app\/aide\/carte-de-legitimation-ai\/\">Lire l\u2019article<\/a>","protected":false},"author":3,"featured_media":0,"parent":0,"menu_order":-94,"comment_status":"closed","ping_status":"closed","template":"","meta":[],"_links":{"self":[{"href":"https:\/\/www.idphoto.app\/aide\/wp-json\/wp\/v2\/pages\/2023"}],"collection":[{"href":"https:\/\/www.idphoto.app\/aide\/wp-json\/wp\/v2\/pages"}],"about":[{"href":"https:\/\/www.idphoto.app\/aide\/wp-json\/wp\/v2\/types\/page"}],"author":[{"embeddable":true,"href":"https:\/\/www.idphoto.app\/aide\/wp-json\/wp\/v2\/users\/3"}],"replies":[{"embeddable":true,"href":"https:\/\/www.idphoto.app\/aide\/wp-json\/wp\/v2\/comments?post=2023"}],"version-history":[{"count":2,"href":"https:\/\/www.idphoto.app\/aide\/wp-json\/wp\/v2\/pages\/2023\/revisions"}],"predecessor-version":[{"id":2031,"href":"https:\/\/www.idphoto.app\/aide\/wp-json\/wp\/v2\/pages\/2023\/revisions\/2031"}],"wp:attachment":[{"href":"https:\/\/www.idphoto.app\/aide\/wp-json\/wp\/v2\/media?parent=2023"}],"curies":[{"name":"wp","href":"https:\/\/api.w.org\/{rel}","templated":true}]}}