{"id":192,"date":"2009-10-06T19:31:37","date_gmt":"2009-10-06T17:31:37","guid":{"rendered":"http:\/\/www.idphoto.app\/?page_id=192"},"modified":"2017-01-27T10:05:45","modified_gmt":"2017-01-27T09:05:45","slug":"taille-format","status":"publish","type":"page","link":"https:\/\/www.idphoto.app\/aide\/carte-d-identite\/taille-format\/","title":{"rendered":"Taille et format"},"content":{"rendered":"<p>La carte d&rsquo;identit\u00e9 actuelle poss\u00e8de une taille d&rsquo;environ 85,60 mm \u00d7 53,98 mm. Sa forme est celle d&rsquo;une carte de cr\u00e9dit et elle est imprim\u00e9e des deux c\u00f4t\u00e9s. La <a title=\"Passfoto\" href=\"https:\/\/www.idphoto.app\/aide\/photo-de-passeport\/reglement-pour-photo-d-identite\/\">photo d&rsquo;identit\u00e9<\/a> ainsi que celle pour le <a href=\"https:\/\/www.idphoto.app\/aide\/passeport\/\">passeport suisse<\/a> poss\u00e8de un format de <a title=\"Gr\u00f6sse &amp; Format\" href=\"https:\/\/www.idphoto.app\/aide\/photo-de-passeport\/taille\/\">35 mm x 45 mm<\/a> et doit aussi \u00eatre biom\u00e9trique.<\/p>\n<p>&nbsp;<\/p>\n<p><img class=\"img-responsive alignleft wp-image-757 size-full\" src=\"https:\/\/www.idphoto.app\/aide\/wp-content\/uploads\/2010\/04\/images-e1271508237582.jpg\" alt=\"images\" width=\"243\" height=\"149\" srcset=\"https:\/\/www.idphoto.app\/aide\/wp-content\/uploads\/2010\/04\/images-e1271508237582.jpg 243w, https:\/\/www.idphoto.app\/aide\/wp-content\/uploads\/2010\/04\/images-e1271508237582-120x74.jpg 120w\" sizes=\"(max-width: 243px) 100vw, 243px\" \/><\/p>\n","protected":false},"excerpt":{"rendered":"La carte d&rsquo;identit\u00e9 actuelle poss\u00e8de une taille d&rsquo;environ 85,60 mm \u00d7 53,98 mm. Sa forme est celle d&rsquo;une carte de cr\u00e9dit et elle est imprim\u00e9e des deux c\u00f4t\u00e9s. La photo d&rsquo;identit\u00e9 ainsi que celle pour le passeport suisse poss\u00e8de un format de 35 mm x 45 mm et doit aussi \u00eatre biom\u00e9trique. &nbsp;","protected":false},"author":1,"featured_media":0,"parent":33,"menu_order":0,"comment_status":"open","ping_status":"closed","template":"","meta":[],"_links":{"self":[{"href":"https:\/\/www.idphoto.app\/aide\/wp-json\/wp\/v2\/pages\/192"}],"collection":[{"href":"https:\/\/www.idphoto.app\/aide\/wp-json\/wp\/v2\/pages"}],"about":[{"href":"https:\/\/www.idphoto.app\/aide\/wp-json\/wp\/v2\/types\/page"}],"author":[{"embeddable":true,"href":"https:\/\/www.idphoto.app\/aide\/wp-json\/wp\/v2\/users\/1"}],"replies":[{"embeddable":true,"href":"https:\/\/www.idphoto.app\/aide\/wp-json\/wp\/v2\/comments?post=192"}],"version-history":[{"count":3,"href":"https:\/\/www.idphoto.app\/aide\/wp-json\/wp\/v2\/pages\/192\/revisions"}],"predecessor-version":[{"id":1962,"href":"https:\/\/www.idphoto.app\/aide\/wp-json\/wp\/v2\/pages\/192\/revisions\/1962"}],"up":[{"embeddable":true,"href":"https:\/\/www.idphoto.app\/aide\/wp-json\/wp\/v2\/pages\/33"}],"wp:attachment":[{"href":"https:\/\/www.idphoto.app\/aide\/wp-json\/wp\/v2\/media?parent=192"}],"curies":[{"name":"wp","href":"https:\/\/api.w.org\/{rel}","templated":true}]}}