{"id":1711,"date":"2015-07-16T14:43:16","date_gmt":"2015-07-16T12:43:16","guid":{"rendered":"https:\/\/www.idphoto.app\/lexikon\/?page_id=1711"},"modified":"2016-07-06T21:56:40","modified_gmt":"2016-07-06T19:56:40","slug":"photomaton","status":"publish","type":"page","link":"https:\/\/www.idphoto.app\/aide\/photomaton\/","title":{"rendered":"Photomaton ou cabine photographique"},"content":{"rendered":"<p style=\"text-align: justify;\">Un <strong>photomaton<\/strong>, de temps en temps aussi appel\u00e9 cabine photographique, est une construction d&rsquo;environ 2 m \u00d7 2 m \u00d7 1 m qui contient une cam\u00e9ra automatique majoritairement s&rsquo;appuyant sur sur l&rsquo;introduction des pi\u00e8ces ainsi qu&rsquo;une imprimante photo. Des photomatons servent \u00e0 la prise des photos d&rsquo;identit\u00e9 ou des images de souvenir lesquelles conviennent en particulier pour le porte-monnaie. Fr\u00e9quemment on trouve des photomatons aux places centrales, dans des gares, ports ou a\u00e9roports, dans des parcs de loisirs ou centres commerciaux et dans l&rsquo;un ou autre club. Le nombre d&rsquo;images par tirage et les prix varient entre les diff\u00e9rents fournisseurs.<\/p>\n<p>Cependant, \u00e0 des photomatons, il n&rsquo;y a aucune garantie que l&rsquo;on peut prendre aussi des photos\u00a0biom\u00e9triques de passeport qui sont accept\u00e9es par les administrations. Comme alternative \u00e0 c\u00f4t\u00e9 d&rsquo;un photographe professionnel une commande de six photos de passeport peut se faire dans notre g\u00e9n\u00e9rateur de photo de passeport pour seulement 14.90 CHF. Comme client on re\u00e7oit la garantie que les photos de passeport t\u00e9l\u00e9charg\u00e9es sont accept\u00e9es dans chaque cas par les administrations.<\/p>\n","protected":false},"excerpt":{"rendered":"Un photomaton, de temps en temps aussi appel\u00e9 cabine photographique, est une construction d&rsquo;environ 2 m \u00d7 2 m \u00d7 1 m qui contient une cam\u00e9ra automatique majoritairement s&rsquo;appuyant sur sur l&rsquo;introduction des pi\u00e8ces ainsi qu&rsquo;une imprimante photo. Des photomatons servent \u00e0 la prise des photos d&rsquo;identit\u00e9 ou des images de souvenir lesquelles conviennent en&#8230; <a class=\"view-article\" href=\"https:\/\/www.idphoto.app\/aide\/photomaton\/\">Lire l\u2019article<\/a>","protected":false},"author":1,"featured_media":0,"parent":0,"menu_order":0,"comment_status":"open","ping_status":"closed","template":"","meta":[],"_links":{"self":[{"href":"https:\/\/www.idphoto.app\/aide\/wp-json\/wp\/v2\/pages\/1711"}],"collection":[{"href":"https:\/\/www.idphoto.app\/aide\/wp-json\/wp\/v2\/pages"}],"about":[{"href":"https:\/\/www.idphoto.app\/aide\/wp-json\/wp\/v2\/types\/page"}],"author":[{"embeddable":true,"href":"https:\/\/www.idphoto.app\/aide\/wp-json\/wp\/v2\/users\/1"}],"replies":[{"embeddable":true,"href":"https:\/\/www.idphoto.app\/aide\/wp-json\/wp\/v2\/comments?post=1711"}],"version-history":[{"count":2,"href":"https:\/\/www.idphoto.app\/aide\/wp-json\/wp\/v2\/pages\/1711\/revisions"}],"predecessor-version":[{"id":1874,"href":"https:\/\/www.idphoto.app\/aide\/wp-json\/wp\/v2\/pages\/1711\/revisions\/1874"}],"wp:attachment":[{"href":"https:\/\/www.idphoto.app\/aide\/wp-json\/wp\/v2\/media?parent=1711"}],"curies":[{"name":"wp","href":"https:\/\/api.w.org\/{rel}","templated":true}]}}