{"id":1463,"date":"2015-05-23T18:23:12","date_gmt":"2015-05-23T16:23:12","guid":{"rendered":"http:\/\/www.biometrisch.ch\/lexikon\/?page_id=1463"},"modified":"2017-01-27T09:51:57","modified_gmt":"2017-01-27T08:51:57","slug":"reglement-pour-photo-d-identite","status":"publish","type":"page","link":"https:\/\/www.idphoto.app\/aide\/photo-de-passeport\/reglement-pour-photo-d-identite\/","title":{"rendered":"R\u00e8glement pour photo d&rsquo;identit\u00e9"},"content":{"rendered":"<h2><\/h2>\n<p>Les exigences d&rsquo;une photo d&rsquo;identit\u00e9 biom\u00e9trique diff\u00e8rent de ceux d&rsquo;une photo r\u00e9guli\u00e8re. Des photos d&rsquo;identit\u00e9 biom\u00e9triques sont utilis\u00e9s pour des passeports et cartes d&rsquo;identit\u00e9, mais ne pas pour les permis de conduire par exemple.<\/p>\n<p>Les exigences concernant le format de la photo d&rsquo;identit\u00e9 sont les suivantes:<\/p>\n<ol>\n<li>La taille de l&rsquo;images doit \u00eatre de 1980 x 1440 pixels (hauteur x largeur);<\/li>\n<li>La distance oculaire (de pupille \u00e0 pupille) doit faire 15 \u00e0 20 % de la largeur de la photo;<\/li>\n<li>Les yeux doivent \u00eatre de l&rsquo;ordre de 50 \u00e0 70 % de la hauteur de l&rsquo;image, mesur\u00e9e \u00e0 partir du bas de l&rsquo;image.<\/li>\n<\/ol>\n<p>Le tableau de crit\u00e8re d&rsquo;acceptation de photos ainsi que des descriptions plus d\u00e9taill\u00e9es, vous trouvez <a href=\"https:\/\/www.idphoto.app\/aide\/photo-de-passeport\/exigences-pour-une-photo-biometrique-de-passeport\/\">ici<\/a>.<\/p>\n<p>Gr\u00e2ce \u00e0 notre g\u00e9n\u00e9rateur de photo d&rsquo;identit\u00e9 vous pouvez ajuster votre image au mod\u00e8le biom\u00e9trique en quelques gestes.<\/p>\n<p><a class=\"btn btn-lg btn-warning\" title=\"Bild hochladen und zuschneiden!\" href=\"https:\/\/www.idphoto.app\/fr\/upload\/photo-passeport\">Mettre en ligne et d\u00e9coupe de la photo!<\/a><\/p>\n","protected":false},"excerpt":{"rendered":"Les exigences d&rsquo;une photo d&rsquo;identit\u00e9 biom\u00e9trique diff\u00e8rent de ceux d&rsquo;une photo r\u00e9guli\u00e8re. Des photos d&rsquo;identit\u00e9 biom\u00e9triques sont utilis\u00e9s pour des passeports et cartes d&rsquo;identit\u00e9, mais ne pas pour les permis de conduire par exemple. Les exigences concernant le format de la photo d&rsquo;identit\u00e9 sont les suivantes: La taille de l&rsquo;images doit \u00eatre de 1980 x&#8230; <a class=\"view-article\" href=\"https:\/\/www.idphoto.app\/aide\/photo-de-passeport\/reglement-pour-photo-d-identite\/\">Lire l\u2019article<\/a>","protected":false},"author":1,"featured_media":0,"parent":142,"menu_order":0,"comment_status":"open","ping_status":"closed","template":"","meta":[],"_links":{"self":[{"href":"https:\/\/www.idphoto.app\/aide\/wp-json\/wp\/v2\/pages\/1463"}],"collection":[{"href":"https:\/\/www.idphoto.app\/aide\/wp-json\/wp\/v2\/pages"}],"about":[{"href":"https:\/\/www.idphoto.app\/aide\/wp-json\/wp\/v2\/types\/page"}],"author":[{"embeddable":true,"href":"https:\/\/www.idphoto.app\/aide\/wp-json\/wp\/v2\/users\/1"}],"replies":[{"embeddable":true,"href":"https:\/\/www.idphoto.app\/aide\/wp-json\/wp\/v2\/comments?post=1463"}],"version-history":[{"count":3,"href":"https:\/\/www.idphoto.app\/aide\/wp-json\/wp\/v2\/pages\/1463\/revisions"}],"predecessor-version":[{"id":1946,"href":"https:\/\/www.idphoto.app\/aide\/wp-json\/wp\/v2\/pages\/1463\/revisions\/1946"}],"up":[{"embeddable":true,"href":"https:\/\/www.idphoto.app\/aide\/wp-json\/wp\/v2\/pages\/142"}],"wp:attachment":[{"href":"https:\/\/www.idphoto.app\/aide\/wp-json\/wp\/v2\/media?parent=1463"}],"curies":[{"name":"wp","href":"https:\/\/api.w.org\/{rel}","templated":true}]}}