{"id":1461,"date":"2015-05-23T18:22:22","date_gmt":"2015-05-23T16:22:22","guid":{"rendered":"http:\/\/www.biometrisch.ch\/lexikon\/?page_id=1461"},"modified":"2017-01-27T09:45:08","modified_gmt":"2017-01-27T08:45:08","slug":"photo-d-identite-biometrique","status":"publish","type":"page","link":"https:\/\/www.idphoto.app\/aide\/photo-de-passeport\/photo-d-identite-biometrique\/","title":{"rendered":"Photo d&rsquo;identit\u00e9 biom\u00e9trique"},"content":{"rendered":"<nav class=\"chapter-toc\">\n<h2>Contenu<\/h2>\n<ul>\n<li><a class=\"smooth\" href=\"#quoi\">Qu&rsquo;est-ce que biom\u00e9triques signifie?<\/a><\/li>\n<li><a class=\"smooth\" href=\"#quand\">Quand est-ce que on aurait besoin d&rsquo;une photo d&rsquo;identit\u00e9 biom\u00e9trique?<\/a><\/li>\n<li><a class=\"smooth\" href=\"#o\u00f9\">O\u00f9 est-ce qu&rsquo;on peut r\u00e9cup\u00e9rer des photos d&rsquo;identit\u00e9 biom\u00e9triques?<\/a><\/li>\n<\/ul>\n<\/nav>\n<h2 id=\"was\">Qu&rsquo;est-ce que biom\u00e9trique signifie?<\/h2>\n<p>Des photos d&rsquo;identit\u00e9 biom\u00e9triques sont des <a href=\"https:\/\/www.idphoto.app\/aide\/photo-de-passeport\/\">photos d&rsquo;identit\u00e9<\/a>, qui doivent remplir des crit\u00e8res fix\u00e9s par des services administratives. \u00ab Biom\u00e9trie \u00bb d\u00e9crit certaines des caract\u00e9ristiques constantes de la face, qui sont mesur\u00e9es et qui ainsi permettent l&rsquo;identification assist\u00e9e par ordinateur de la personne respective. Ces donn\u00e9es biom\u00e9triques peuvent \u00eatre stock\u00e9es sur une puce sur le passeport ou le document d&rsquo;identit\u00e9.<\/p>\n<p>Afin que les caract\u00e9ristiques d&rsquo;identification biom\u00e9triques sur la photo sont parfaitement visibles et peuvent \u00eatre lues, le r\u00e8glement pour photo d&rsquo;identit\u00e9 officiel d\u00e9crit certaines exigences pour la prise des photos. Ainsi, par exemple le visage de la personne, doit \u00eatre photographi\u00e9 absolument frontal.<\/p>\n<h2 id=\"wann\">Quand est-ce qu&rsquo;on aurait besoin d&rsquo;une photo d&rsquo;identit\u00e9 biom\u00e9trique?<\/h2>\n<p>Entre-temps, en Suisse des photos d&rsquo;identit\u00e9 biom\u00e9triques pour <a href=\"https:\/\/www.idphoto.app\/aide\/passeport\/\">passeport<\/a> et <a href=\"https:\/\/www.idphoto.app\/aide\/carte-d-identite\/\">carte d&rsquo;identit\u00e9<\/a> sont obligatoires. M\u00eame les b\u00e9b\u00e9s ont besoin de photos d&rsquo;identit\u00e9 biom\u00e9triques &#8211; par contre heureusement les r\u00e8glements <a href=\"https:\/\/www.idphoto.app\/aide\/passeport\/comment-fais-je-une-photo-biometrique-pour-bebe\/\">ne sont pas aussi stricts<\/a>. Cependant, pour le <a href=\"https:\/\/www.idphoto.app\/aide\/permis-de-conduire\/\">permis de conduire<\/a> les photos d&rsquo;identit\u00e9 classique suffisent encore.<\/p>\n<p>Aussi \u00e0 l&rsquo;\u00e9tranger, les photos d&rsquo;identit\u00e9 biom\u00e9triques sont maintenant utilis\u00e9es dans presque tous les pays pour documents d&rsquo;identit\u00e9. En dehors de la Suisse, les tailles des photos d&rsquo;identit\u00e9 requises varient parfois. Ceci concerne les citoyens suisses uniquement, si un <a href=\"https:\/\/www.idphoto.app\/aide\/visa\/\">visa<\/a> est exig\u00e9 pour l&rsquo;entr\u00e9e. Dans certains pays, la photo n\u00e9cessaire pour l&rsquo;application doit avoir des dimensions plus grandes par rapport \u00e0 une photo d&rsquo;identit\u00e9 suisse. La taille du visage sur la photo peut varier d&rsquo;un pays \u00e0 l&rsquo;autre. Nous avons r\u00e9sum\u00e9 des informations relatif au sujet visa et relatif aux <a href=\"https:\/\/www.idphoto.app\/aide\/visa\/\">conditions d&rsquo;entr\u00e9e de nombreux pays<\/a>, lesquelles vous trouvez dans notre lexique. Si vous avez des questions, nous vous invitons de nous contacter ou de d\u00e9terminer la taille de photo d&rsquo;identit\u00e9 \u00e0 l&rsquo;aide de cet outil :<\/p>\n<p><a class=\"btn btn-warning\" href=\"https:\/\/www.idphoto.app\/fr\/taille-du-passeport\" target=\"_blank\">D\u00e9terminer la taille de photo d&rsquo;identit\u00e9 \u00bb<\/a><\/p>\n<h2 id=\"wo\">Ou est-ce qu&rsquo;on peut r\u00e9cup\u00e9rer des photos d&rsquo;identit\u00e9 biom\u00e9triques?<\/h2>\n<p>Des photos d&rsquo;identit\u00e9 biom\u00e9triques peuvent \u00eatre faite chez un bon photographe &#8211; ou vous les cr\u00e9ez simplement par vous-m\u00eame. Vous avez seulement besoin d&rsquo;un appareil photo num\u00e9rique et notre <a href=\"https:\/\/www.idphoto.app\/fr\/upload\/photo-passeport\">g\u00e9n\u00e9rateur de photo d&rsquo;identit\u00e9<\/a>. Tout d&rsquo;abord vous devriez bien <a href=\"https:\/\/www.idphoto.app\/aide\/passeport\/comment-faire-une-photo-biometrique-de-passeport\/\">verifier les r\u00e8glements relatif \u00e0 une photo d&rsquo;identit\u00e9<\/a> avec les images type. D\u00e9j\u00e0 apr\u00e8s quelques prises de photos on obtient une photo source utilisable. Cela peut \u00eatre simplement adapt\u00e9\u00a0au mod\u00e8le biom\u00e9trique dans notre g\u00e9n\u00e9rateur de photo d&rsquo;identit\u00e9.<\/p>\n","protected":false},"excerpt":{"rendered":"Contenu Qu&rsquo;est-ce que biom\u00e9triques signifie? Quand est-ce que on aurait besoin d&rsquo;une photo d&rsquo;identit\u00e9 biom\u00e9trique? O\u00f9 est-ce qu&rsquo;on peut r\u00e9cup\u00e9rer des photos d&rsquo;identit\u00e9 biom\u00e9triques? Qu&rsquo;est-ce que biom\u00e9trique signifie? Des photos d&rsquo;identit\u00e9 biom\u00e9triques sont des photos d&rsquo;identit\u00e9, qui doivent remplir des crit\u00e8res fix\u00e9s par des services administratives. \u00ab Biom\u00e9trie \u00bb d\u00e9crit certaines des caract\u00e9ristiques constantes de&#8230; <a class=\"view-article\" href=\"https:\/\/www.idphoto.app\/aide\/photo-de-passeport\/photo-d-identite-biometrique\/\">Lire l\u2019article<\/a>","protected":false},"author":1,"featured_media":0,"parent":142,"menu_order":0,"comment_status":"open","ping_status":"closed","template":"","meta":[],"_links":{"self":[{"href":"https:\/\/www.idphoto.app\/aide\/wp-json\/wp\/v2\/pages\/1461"}],"collection":[{"href":"https:\/\/www.idphoto.app\/aide\/wp-json\/wp\/v2\/pages"}],"about":[{"href":"https:\/\/www.idphoto.app\/aide\/wp-json\/wp\/v2\/types\/page"}],"author":[{"embeddable":true,"href":"https:\/\/www.idphoto.app\/aide\/wp-json\/wp\/v2\/users\/1"}],"replies":[{"embeddable":true,"href":"https:\/\/www.idphoto.app\/aide\/wp-json\/wp\/v2\/comments?post=1461"}],"version-history":[{"count":3,"href":"https:\/\/www.idphoto.app\/aide\/wp-json\/wp\/v2\/pages\/1461\/revisions"}],"predecessor-version":[{"id":1942,"href":"https:\/\/www.idphoto.app\/aide\/wp-json\/wp\/v2\/pages\/1461\/revisions\/1942"}],"up":[{"embeddable":true,"href":"https:\/\/www.idphoto.app\/aide\/wp-json\/wp\/v2\/pages\/142"}],"wp:attachment":[{"href":"https:\/\/www.idphoto.app\/aide\/wp-json\/wp\/v2\/media?parent=1461"}],"curies":[{"name":"wp","href":"https:\/\/api.w.org\/{rel}","templated":true}]}}