{"id":1459,"date":"2015-05-23T18:21:11","date_gmt":"2015-05-23T16:21:11","guid":{"rendered":"http:\/\/www.biometrisch.ch\/lexikon\/?page_id=1459"},"modified":"2016-07-15T10:44:59","modified_gmt":"2016-07-15T08:44:59","slug":"commander","status":"publish","type":"page","link":"https:\/\/www.idphoto.app\/aide\/demi-tarif-ag\/commander\/","title":{"rendered":"Commander"},"content":{"rendered":"<p>Le d\u00e9mi-tarif peut \u00eatre command\u00e9 <a href=\"https:\/\/www.sbb.ch\/abos-billette\/abonnemente\/halbtax.html\">ici<\/a> et l&rsquo;abonnement g\u00e9n\u00e9ral se trouve sur ce <a href=\"http:\/\/www.cff.ch\/abonnements-et-billets\/abonnements\/ag.html\">lien<\/a>.<\/p>\n","protected":false},"excerpt":{"rendered":"Le d\u00e9mi-tarif peut \u00eatre command\u00e9 ici et l&rsquo;abonnement g\u00e9n\u00e9ral se trouve sur ce lien.","protected":false},"author":1,"featured_media":0,"parent":945,"menu_order":0,"comment_status":"open","ping_status":"closed","template":"","meta":[],"_links":{"self":[{"href":"https:\/\/www.idphoto.app\/aide\/wp-json\/wp\/v2\/pages\/1459"}],"collection":[{"href":"https:\/\/www.idphoto.app\/aide\/wp-json\/wp\/v2\/pages"}],"about":[{"href":"https:\/\/www.idphoto.app\/aide\/wp-json\/wp\/v2\/types\/page"}],"author":[{"embeddable":true,"href":"https:\/\/www.idphoto.app\/aide\/wp-json\/wp\/v2\/users\/1"}],"replies":[{"embeddable":true,"href":"https:\/\/www.idphoto.app\/aide\/wp-json\/wp\/v2\/comments?post=1459"}],"version-history":[{"count":2,"href":"https:\/\/www.idphoto.app\/aide\/wp-json\/wp\/v2\/pages\/1459\/revisions"}],"predecessor-version":[{"id":1971,"href":"https:\/\/www.idphoto.app\/aide\/wp-json\/wp\/v2\/pages\/1459\/revisions\/1971"}],"up":[{"embeddable":true,"href":"https:\/\/www.idphoto.app\/aide\/wp-json\/wp\/v2\/pages\/945"}],"wp:attachment":[{"href":"https:\/\/www.idphoto.app\/aide\/wp-json\/wp\/v2\/media?parent=1459"}],"curies":[{"name":"wp","href":"https:\/\/api.w.org\/{rel}","templated":true}]}}