{"id":1455,"date":"2015-05-23T18:18:57","date_gmt":"2015-05-23T16:18:57","guid":{"rendered":"http:\/\/www.biometrisch.ch\/lexikon\/?page_id=1455"},"modified":"2017-01-27T10:19:08","modified_gmt":"2017-01-27T09:19:08","slug":"livret-pour-etrangers-couts","status":"publish","type":"page","link":"https:\/\/www.idphoto.app\/aide\/livret-pour-etrangers\/livret-pour-etrangers-couts\/","title":{"rendered":"Livret pour \u00e9trangers (co\u00fbts)"},"content":{"rendered":"<nav class=\"chapter-toc\">\n<h2>Contenu<\/h2>\n<ul>\n<li><a class=\"smooth\" href=\"#livret-biometrique-etrangers\">Livret biom\u00e9trique pour \u00e9trangers<\/a><\/li>\n<li><a class=\"smooth\" href=\"#livret-non-biometrique-etrangers\">Livret non-biom\u00e9trique pour \u00e9trangers<\/a><\/li>\n<\/ul>\n<\/nav>\n<h2 id=\"biometrischer-auslaenderausweis\" title=\"biometrischer-auslaenderausweis\">Livret biom\u00e9trique pour \u00e9trangers<\/h2>\n<p>Pour des citoyens des pays tiers le co\u00fbt de la premi\u00e8re d\u00e9livrance d&rsquo;un livret biom\u00e9trique pour \u00e9tranges se l\u00e8ve \u00e0 137.\u2013 CHF.<\/p>\n<table class=\"orange\">\n<thead>\n<tr>\n<th>D\u00e9signation<\/th>\n<th>Co\u00fbts<\/th>\n<\/tr>\n<\/thead>\n<tbody>\n<tr>\n<td><strong>Frais d&rsquo;autorisation<br \/>\n<\/strong><\/td>\n<td>CHF\u00a095.\u2013<\/td>\n<\/tr>\n<tr>\n<td><strong>Frais de d\u00e9livrance<\/strong><\/td>\n<td>CHF 22.\u2013<\/td>\n<\/tr>\n<tr>\n<td><strong>Frais de saisie biom\u00e9trique<\/strong><\/td>\n<td>CHF 20.\u2013<\/td>\n<\/tr>\n<\/tbody>\n<\/table>\n<p>Pour enfants, les m\u00eames demandes et tarifs s&rsquo;appliquent comme pour adultes.<\/p>\n<hr \/>\n<p>&nbsp;<\/p>\n<h2 id=\"nicht-biometrischer-auslaenderausweis\" title=\"nicht-biometrischer-auslaenderausweis\">Livret non-biom\u00e9trique pour \u00e9trangers<\/h2>\n<p>Pour des citoyens des pays tiers mari\u00e9s \u00e0 un ressortissant de l&rsquo;UE\/AELE le co\u00fbt de la premi\u00e8re d\u00e9livrance d&rsquo;un livret non-biom\u00e9trique pour \u00e9trangers se l\u00e8ve \u00e0 65.\u2013 CHF.<\/p>\n<table class=\"orange\">\n<thead>\n<tr>\n<th>D\u00e9signation<\/th>\n<th>Co\u00fbts<\/th>\n<\/tr>\n<\/thead>\n<tbody>\n<tr>\n<td><strong>Frais d&rsquo;autorisation<\/strong><\/td>\n<td>CHF 55.\u2013<\/td>\n<\/tr>\n<tr>\n<td><strong>Frais de d\u00e9livrance<\/strong><\/td>\n<td>CHF 10.\u2013<\/td>\n<\/tr>\n<\/tbody>\n<\/table>\n","protected":false},"excerpt":{"rendered":"Contenu Livret biom\u00e9trique pour \u00e9trangers Livret non-biom\u00e9trique pour \u00e9trangers Livret biom\u00e9trique pour \u00e9trangers Pour des citoyens des pays tiers le co\u00fbt de la premi\u00e8re d\u00e9livrance d&rsquo;un livret biom\u00e9trique pour \u00e9tranges se l\u00e8ve \u00e0 137.\u2013 CHF. D\u00e9signation Co\u00fbts Frais d&rsquo;autorisation CHF\u00a095.\u2013 Frais de d\u00e9livrance CHF 22.\u2013 Frais de saisie biom\u00e9trique CHF 20.\u2013 Pour enfants, les m\u00eames&#8230; <a class=\"view-article\" href=\"https:\/\/www.idphoto.app\/aide\/livret-pour-etrangers\/livret-pour-etrangers-couts\/\">Lire l\u2019article<\/a>","protected":false},"author":1,"featured_media":0,"parent":1065,"menu_order":0,"comment_status":"open","ping_status":"closed","template":"","meta":[],"_links":{"self":[{"href":"https:\/\/www.idphoto.app\/aide\/wp-json\/wp\/v2\/pages\/1455"}],"collection":[{"href":"https:\/\/www.idphoto.app\/aide\/wp-json\/wp\/v2\/pages"}],"about":[{"href":"https:\/\/www.idphoto.app\/aide\/wp-json\/wp\/v2\/types\/page"}],"author":[{"embeddable":true,"href":"https:\/\/www.idphoto.app\/aide\/wp-json\/wp\/v2\/users\/1"}],"replies":[{"embeddable":true,"href":"https:\/\/www.idphoto.app\/aide\/wp-json\/wp\/v2\/comments?post=1455"}],"version-history":[{"count":3,"href":"https:\/\/www.idphoto.app\/aide\/wp-json\/wp\/v2\/pages\/1455\/revisions"}],"predecessor-version":[{"id":1975,"href":"https:\/\/www.idphoto.app\/aide\/wp-json\/wp\/v2\/pages\/1455\/revisions\/1975"}],"up":[{"embeddable":true,"href":"https:\/\/www.idphoto.app\/aide\/wp-json\/wp\/v2\/pages\/1065"}],"wp:attachment":[{"href":"https:\/\/www.idphoto.app\/aide\/wp-json\/wp\/v2\/media?parent=1455"}],"curies":[{"name":"wp","href":"https:\/\/api.w.org\/{rel}","templated":true}]}}