{"id":1368,"date":"2014-03-02T16:11:20","date_gmt":"2014-03-02T15:11:20","guid":{"rendered":"http:\/\/www.idphoto.app\/?page_id=1368"},"modified":"2020-03-19T01:58:40","modified_gmt":"2020-03-19T00:58:40","slug":"viet-nam","status":"publish","type":"page","link":"https:\/\/www.idphoto.app\/aide\/visa\/viet-nam\/","title":{"rendered":"Vi\u00eat-nam \ud83c\uddfb\ud83c\uddf3"},"content":{"rendered":"<p>Ce qui voudrait voyager comme citoyen de la France ou de la principaut\u00e9 de Liechtenstein au Vi\u00eat-nam, a en principe besoin d&rsquo;un visa et d&rsquo;un passeport d&rsquo;une validit\u00e9 d&rsquo;au moins 6 mois (recommandable apr\u00e8s le d\u00e9but du voyage). Pour cela on s&rsquo;adresse \u00e0 temps \u00e0\u00a0l&rsquo;ambassade <a href=\"http:\/\/www.vietnam-embassy.ch\/\" target=\"_blank\" rel=\"noopener\">vietnamienne situ\u00e9 \u00e0 Berne<\/a>. Une photo d&rsquo;identit\u00e9 (au format 35 mm \u00d7 45 mm) est obligatoire. Ceci est valable aussi bien pour la voie a\u00e9rienne comme pour la voie terrestre, cependant les crit\u00e8res \u00e0 l&rsquo;entr\u00e9e terrestre sont un peu plus souples. Ainsi, un visa non demand\u00e9 n&rsquo;est aucune raison directe pour d\u00e9sesp\u00e9rer. Dans tous les cas sans exception toutes les villes frontali\u00e8res du pays voisin, poss\u00e8dent des agences qui le rattrape volontairement (pour une prime).<\/p>\n<div id=\"attachment_1371\" style=\"width: 300px\" class=\"wp-caption aligncenter\"><a href=\"http:\/\/www.eda.admin.ch\/eda\/de\/home\/reps\/asia\/vvnm\/rhvie.html\" target=\"_blank\" rel=\"noopener\"><img aria-describedby=\"caption-attachment-1371\" class=\" wp-image-1371 \" title=\"Flagge von Vietnam\" src=\"https:\/\/www.idphoto.app\/aide\/wp-content\/uploads\/2014\/03\/Flag_of_Vietnam.svg_1.png\" alt=\"\" width=\"290\" height=\"192\" srcset=\"https:\/\/www.idphoto.app\/aide\/wp-content\/uploads\/2014\/03\/Flag_of_Vietnam.svg_1.png 800w, https:\/\/www.idphoto.app\/aide\/wp-content\/uploads\/2014\/03\/Flag_of_Vietnam.svg_1-250x167.png 250w, https:\/\/www.idphoto.app\/aide\/wp-content\/uploads\/2014\/03\/Flag_of_Vietnam.svg_1-768x512.png 768w, https:\/\/www.idphoto.app\/aide\/wp-content\/uploads\/2014\/03\/Flag_of_Vietnam.svg_1-700x466.png 700w, https:\/\/www.idphoto.app\/aide\/wp-content\/uploads\/2014\/03\/Flag_of_Vietnam.svg_1-120x80.png 120w\" sizes=\"(max-width: 290px) 100vw, 290px\" \/><\/a><p id=\"caption-attachment-1371\" class=\"wp-caption-text\">Conseils aux voyageurs du DFAE<\/p><\/div>\n<p><a href=\"https:\/\/www.idphoto.app\/fr\/upload\/photo-passeport\">Cr\u00e9er photo de passeport maintenant \u00bb<\/a><\/p>\n","protected":false},"excerpt":{"rendered":"Ce qui voudrait voyager comme citoyen de la France ou de la principaut\u00e9 de Liechtenstein au Vi\u00eat-nam, a en principe besoin d&rsquo;un visa et d&rsquo;un passeport d&rsquo;une validit\u00e9 d&rsquo;au moins 6 mois (recommandable apr\u00e8s le d\u00e9but du voyage). Pour cela on s&rsquo;adresse \u00e0 temps \u00e0\u00a0l&rsquo;ambassade vietnamienne situ\u00e9 \u00e0 Berne. Une photo d&rsquo;identit\u00e9 (au format 35&#8230; <a class=\"view-article\" href=\"https:\/\/www.idphoto.app\/aide\/visa\/viet-nam\/\">Lire l\u2019article<\/a>","protected":false},"author":1,"featured_media":0,"parent":998,"menu_order":0,"comment_status":"open","ping_status":"closed","template":"","meta":[],"_links":{"self":[{"href":"https:\/\/www.idphoto.app\/aide\/wp-json\/wp\/v2\/pages\/1368"}],"collection":[{"href":"https:\/\/www.idphoto.app\/aide\/wp-json\/wp\/v2\/pages"}],"about":[{"href":"https:\/\/www.idphoto.app\/aide\/wp-json\/wp\/v2\/types\/page"}],"author":[{"embeddable":true,"href":"https:\/\/www.idphoto.app\/aide\/wp-json\/wp\/v2\/users\/1"}],"replies":[{"embeddable":true,"href":"https:\/\/www.idphoto.app\/aide\/wp-json\/wp\/v2\/comments?post=1368"}],"version-history":[{"count":7,"href":"https:\/\/www.idphoto.app\/aide\/wp-json\/wp\/v2\/pages\/1368\/revisions"}],"predecessor-version":[{"id":2108,"href":"https:\/\/www.idphoto.app\/aide\/wp-json\/wp\/v2\/pages\/1368\/revisions\/2108"}],"up":[{"embeddable":true,"href":"https:\/\/www.idphoto.app\/aide\/wp-json\/wp\/v2\/pages\/998"}],"wp:attachment":[{"href":"https:\/\/www.idphoto.app\/aide\/wp-json\/wp\/v2\/media?parent=1368"}],"curies":[{"name":"wp","href":"https:\/\/api.w.org\/{rel}","templated":true}]}}