{"id":1360,"date":"2014-02-16T13:15:56","date_gmt":"2014-02-16T12:15:56","guid":{"rendered":"http:\/\/www.idphoto.app\/?page_id=1360"},"modified":"2020-03-19T02:05:19","modified_gmt":"2020-03-19T01:05:19","slug":"ecuador","status":"publish","type":"page","link":"https:\/\/www.idphoto.app\/aide\/visa\/ecuador\/","title":{"rendered":"Equateur \ud83c\uddea\ud83c\udde8"},"content":{"rendered":"<p>Ressortissants de la France n\u2019ont pas besoin d\u2019un visa pour l\u2019entr\u00e9e dans l\u2019\u00c9quateur jusqu&rsquo;\u00e0 une dur\u00e9e de s\u00e9jour de 90 jours. Une demande d\u2019un visa touristique est n\u00e9cessaire pour un s\u00e9jour touristique de plus de 90 jours. Les voyageurs d\u2019affaires, cependant, ont toujours besoin d\u2019un visa. En plus d\u2019un passeport valide d\u2019au moins six mois, une <a href=\"https:\/\/www.idphoto.app\/fr\/upload\/photo-passeport\">photo de passeport<\/a> ordinaire est n\u00e9cessaire. En outre, un billet pour le voyage de retour ou de continuation, ainsi qu\u2019une preuve de fonds suffisants pour la dur\u00e9e du s\u00e9jour sont obligatoires.<\/p>\n<p>Un visa peut \u00eatre demand\u00e9 \u00e0 <a href=\"http:\/\/www.embajadaecuador.ch\">l\u2019ambassade \u00e9quatorienne \u00e0 Berne<\/a>. Veuillez noter que chaque visa doit \u00eatre enregistr\u00e9 \u00e0 l\u2019arriv\u00e9e en Equateur pendant les 30 premiers jours aupr\u00e8s de la Direcci\u00f3n de Extranger\u00eda (Quito&nbsp;: Diez de Agosto de Carrion, Edificio Solis, planta baja&nbsp;; Telf&nbsp;: 593-2-2993200 Ext. 12201). Les co\u00fbts d\u00e9pendent du genre du visa sp\u00e9cifiquement demand\u00e9 et se trouvent entre 104 et 299 CHF.<\/p>\n<div id=\"attachment_1361\" style=\"width: 310px\" class=\"wp-caption aligncenter\"><a href=\"http:\/\/www.eda.admin.ch\/eda\/de\/home\/reps\/sameri\/vecu\/rhecu.html\"><img aria-describedby=\"caption-attachment-1361\" class=\"size-medium wp-image-1361 \" title=\"Flag_of_Ecuador.svg\" src=\"https:\/\/www.idphoto.app\/aide\/wp-content\/uploads\/2014\/02\/Flag_of_Ecuador.svg_.png\" alt=\"\" width=\"300\" height=\"199\" srcset=\"https:\/\/www.idphoto.app\/aide\/wp-content\/uploads\/2014\/02\/Flag_of_Ecuador.svg_.png 800w, https:\/\/www.idphoto.app\/aide\/wp-content\/uploads\/2014\/02\/Flag_of_Ecuador.svg_-250x167.png 250w, https:\/\/www.idphoto.app\/aide\/wp-content\/uploads\/2014\/02\/Flag_of_Ecuador.svg_-768x512.png 768w, https:\/\/www.idphoto.app\/aide\/wp-content\/uploads\/2014\/02\/Flag_of_Ecuador.svg_-700x466.png 700w, https:\/\/www.idphoto.app\/aide\/wp-content\/uploads\/2014\/02\/Flag_of_Ecuador.svg_-120x80.png 120w\" sizes=\"(max-width: 300px) 100vw, 300px\" \/><\/a><p id=\"caption-attachment-1361\" class=\"wp-caption-text\">Conseils aux voyageurs du DFAE<\/p><\/div>\n<p><a href=\"https:\/\/www.idphoto.app\/fr\/upload\/photo-passeport\">Cr\u00e9er photo de passeport maintenant \u00bb<\/a><\/p>\n","protected":false},"excerpt":{"rendered":"Ressortissants de la France n\u2019ont pas besoin d\u2019un visa pour l\u2019entr\u00e9e dans l\u2019\u00c9quateur jusqu&rsquo;\u00e0 une dur\u00e9e de s\u00e9jour de 90 jours. Une demande d\u2019un visa touristique est n\u00e9cessaire pour un s\u00e9jour touristique de plus de 90 jours. Les voyageurs d\u2019affaires, cependant, ont toujours besoin d\u2019un visa. En plus d\u2019un passeport valide d\u2019au moins six mois,&#8230; <a class=\"view-article\" href=\"https:\/\/www.idphoto.app\/aide\/visa\/ecuador\/\">Lire l\u2019article<\/a>","protected":false},"author":1,"featured_media":0,"parent":998,"menu_order":0,"comment_status":"open","ping_status":"closed","template":"","meta":[],"_links":{"self":[{"href":"https:\/\/www.idphoto.app\/aide\/wp-json\/wp\/v2\/pages\/1360"}],"collection":[{"href":"https:\/\/www.idphoto.app\/aide\/wp-json\/wp\/v2\/pages"}],"about":[{"href":"https:\/\/www.idphoto.app\/aide\/wp-json\/wp\/v2\/types\/page"}],"author":[{"embeddable":true,"href":"https:\/\/www.idphoto.app\/aide\/wp-json\/wp\/v2\/users\/1"}],"replies":[{"embeddable":true,"href":"https:\/\/www.idphoto.app\/aide\/wp-json\/wp\/v2\/comments?post=1360"}],"version-history":[{"count":7,"href":"https:\/\/www.idphoto.app\/aide\/wp-json\/wp\/v2\/pages\/1360\/revisions"}],"predecessor-version":[{"id":2121,"href":"https:\/\/www.idphoto.app\/aide\/wp-json\/wp\/v2\/pages\/1360\/revisions\/2121"}],"up":[{"embeddable":true,"href":"https:\/\/www.idphoto.app\/aide\/wp-json\/wp\/v2\/pages\/998"}],"wp:attachment":[{"href":"https:\/\/www.idphoto.app\/aide\/wp-json\/wp\/v2\/media?parent=1360"}],"curies":[{"name":"wp","href":"https:\/\/api.w.org\/{rel}","templated":true}]}}