{"id":1286,"date":"2014-01-27T21:15:36","date_gmt":"2014-01-27T20:15:36","guid":{"rendered":"http:\/\/www.idphoto.app\/?page_id=1286"},"modified":"2020-03-19T01:53:13","modified_gmt":"2020-03-19T00:53:13","slug":"argentine","status":"publish","type":"page","link":"https:\/\/www.idphoto.app\/aide\/visa\/argentine\/","title":{"rendered":"Argentine \ud83c\udde6\ud83c\uddf7"},"content":{"rendered":"<p>Pour l&rsquo;entr\u00e9e en Argentine et jusqu&rsquo;\u00e0 une dur\u00e9e de s\u00e9jour de 90 jours, des citoyens fran\u00e7ais n&rsquo;ont pas besoin d&rsquo;un visa. Un s\u00e9jour touristique de plus de 90 jours n\u00e9c\u00e9ssite d&rsquo;une demande d&rsquo;un visa de touriste. Des voyageurs d&rsquo;affaires au contraire ont toujours besoin d&rsquo;un visa. A c\u00f4t\u00e9 d&rsquo;un passeport d&rsquo;une valabilit\u00e9 d&rsquo;au moins 3 mois, une <a href=\"https:\/\/www.idphoto.app\/fr\/upload\/photo-passeport\">photo d&rsquo;identit\u00e9<\/a> normale est exig\u00e9. En outre un ticket de transport pour le retour ou la continuation du voyage ainsi qu&rsquo;une preuve des ressources financi\u00e8res suffisantes pour la dur\u00e9e du s\u00e9jour est \u00e0 avoir avec soi.<\/p>\n<p>Des enfants ont besoin d&rsquo;un propre passeport. En outre, un livret de famille ou une copie de l&rsquo;acte de naissance est n\u00e9cessaire. Dans le cas ou un parent voyage en compagnie des enfants mineurs, un consentement \u00e9crit du deuxi\u00e8me parent doit \u00eatre disponible. En cas d&rsquo;autorit\u00e9 parentale attribu\u00e9e \u00e0 un seul parent un tel certificat est aussi n\u00e9cessaire.<\/p>\n<p>Suivez le lien vers le site web de l&rsquo;<a href=\"http:\/\/www.suiza.embajada-argentina.gov.ar\/\">ambassade argentinienne<\/a> \u00e0 Berne.<\/p>\n<div id=\"attachment_1291\" style=\"width: 260px\" class=\"wp-caption aligncenter\"><a href=\"https:\/\/www.eda.admin.ch\/eda\/de\/home\/vertretungen-und-reisehinweise\/argentinien\/reisehinweise-fuerargentinien.html\"><img aria-describedby=\"caption-attachment-1291\" class=\"wp-image-1291 size-medium\" title=\"flagge-argentinien\" src=\"https:\/\/www.idphoto.app\/aide\/wp-content\/uploads\/2014\/02\/flagge-argentinien-250x166.gif\" alt=\"\" width=\"250\" height=\"166\" srcset=\"https:\/\/www.idphoto.app\/aide\/wp-content\/uploads\/2014\/02\/flagge-argentinien-250x166.gif 250w, https:\/\/www.idphoto.app\/aide\/wp-content\/uploads\/2014\/02\/flagge-argentinien-120x80.gif 120w\" sizes=\"(max-width: 250px) 100vw, 250px\" \/><\/a><p id=\"caption-attachment-1291\" class=\"wp-caption-text\"><a href=\"https:\/\/www.eda.admin.ch\/eda\/fr\/dfae\/representations-et-conseils-aux-voyageurs\/argentine\/conseils-voyageurs-argentine.html\">Conseils aux voyageurs du DFAE<\/a><\/p><\/div>\n<p style=\"text-align: left;\"><a class=\"flat-button orange-flat-button\" title=\"Charger image et d\u00e9couper la photo passeport\" href=\"https:\/\/www.idphoto.app\/fr\/upload\/photo-passeport\">Cr\u00e9er photo de passeport maintenant \u00bb<\/a><\/p>\n","protected":false},"excerpt":{"rendered":"Pour l&rsquo;entr\u00e9e en Argentine et jusqu&rsquo;\u00e0 une dur\u00e9e de s\u00e9jour de 90 jours, des citoyens fran\u00e7ais n&rsquo;ont pas besoin d&rsquo;un visa. Un s\u00e9jour touristique de plus de 90 jours n\u00e9c\u00e9ssite d&rsquo;une demande d&rsquo;un visa de touriste. Des voyageurs d&rsquo;affaires au contraire ont toujours besoin d&rsquo;un visa. A c\u00f4t\u00e9 d&rsquo;un passeport d&rsquo;une valabilit\u00e9 d&rsquo;au moins 3&#8230; <a class=\"view-article\" href=\"https:\/\/www.idphoto.app\/aide\/visa\/argentine\/\">Lire l\u2019article<\/a>","protected":false},"author":1,"featured_media":0,"parent":998,"menu_order":0,"comment_status":"open","ping_status":"closed","template":"","meta":[],"_links":{"self":[{"href":"https:\/\/www.idphoto.app\/aide\/wp-json\/wp\/v2\/pages\/1286"}],"collection":[{"href":"https:\/\/www.idphoto.app\/aide\/wp-json\/wp\/v2\/pages"}],"about":[{"href":"https:\/\/www.idphoto.app\/aide\/wp-json\/wp\/v2\/types\/page"}],"author":[{"embeddable":true,"href":"https:\/\/www.idphoto.app\/aide\/wp-json\/wp\/v2\/users\/1"}],"replies":[{"embeddable":true,"href":"https:\/\/www.idphoto.app\/aide\/wp-json\/wp\/v2\/comments?post=1286"}],"version-history":[{"count":8,"href":"https:\/\/www.idphoto.app\/aide\/wp-json\/wp\/v2\/pages\/1286\/revisions"}],"predecessor-version":[{"id":2102,"href":"https:\/\/www.idphoto.app\/aide\/wp-json\/wp\/v2\/pages\/1286\/revisions\/2102"}],"up":[{"embeddable":true,"href":"https:\/\/www.idphoto.app\/aide\/wp-json\/wp\/v2\/pages\/998"}],"wp:attachment":[{"href":"https:\/\/www.idphoto.app\/aide\/wp-json\/wp\/v2\/media?parent=1286"}],"curies":[{"name":"wp","href":"https:\/\/api.w.org\/{rel}","templated":true}]}}