{"id":1284,"date":"2014-01-27T21:15:04","date_gmt":"2014-01-27T20:15:04","guid":{"rendered":"http:\/\/www.idphoto.app\/?page_id=1284"},"modified":"2020-03-19T02:03:53","modified_gmt":"2020-03-19T01:03:53","slug":"chili","status":"publish","type":"page","link":"https:\/\/www.idphoto.app\/aide\/visa\/chili\/","title":{"rendered":"Chili \ud83c\udde8\ud83c\uddf1"},"content":{"rendered":"<p>Pour l&rsquo;entr\u00e9e au Chili, des citoyens fran\u00e7ais n&rsquo;ont besoin d&rsquo;aucun <a href=\"https:\/\/www.idphoto.app\/aide\/visa\">visa<\/a> si la dur\u00e9e de s\u00e9jour ne d\u00e9passe pas 90 jours. On re\u00e7oit directement au d\u00e9but du voyage l&rsquo;ainsi dit \u00ab\u00a0Tarjeta de Tourismo\u00a0\u00bb, lequel autorise la personne pour le s\u00e9jour, est \u00e0 transporter avec et qui doit \u00eatre rendu \u00e0 la fin ou avant le d\u00e9part.<\/p>\n<p>Si elle s&rsquo;est perdue pendant le s\u00e9jour ou a \u00e9t\u00e9 vol\u00e9e, la \u00ab\u00a0Polic\u00eda Internacional\u00a0\u00bb \u00e0 Santiago (Gral. Borgo\u00f1o 1052, le t\u00e9l. 02-5657863) est \u00e0 contact\u00e9e. Celle-ci, mais aussi les agences r\u00e9gionales de la \u00ab\u00a0Polic\u00eda Internacional\u00a0\u00bb, exposent au besoin une carte de touriste de remplacement.<\/p>\n<p>Le s\u00e9jour peut \u00eatre prolong\u00e9 une fois pour 90 jours contre une taxe de 100 dollars. Le \u00ab\u00a0Departamento d&rsquo;Extranjer\u00eda\u00a0\u00bb \u00e0 Santiago (Agustinas en 1235, le t\u00e9l. 02-5502469) ou les agences r\u00e9gionales de \u00ab\u00a0Gobernaci\u00f3n Provincial\u00a0\u00bb sont comp\u00e9tents pour une prolongation d&rsquo;un visa \u00e9ventuel. Si on a l&rsquo;intention \u00e0 prolonger le visa, on a besoin dans chaque cas de deux photos d&rsquo;identit\u00e9 qui ne doivent pas irr\u00e9futable \u00eatre biom\u00e9triques.<\/p>\n<p>Si l&rsquo;on pr\u00e9voit des s\u00e9jours non touristiques (par exemple, d&rsquo;affaires) et\/ou plus longs au Chili, pour des questions de visa on s&rsquo;adresse le mieux \u00e0 temps avant le d\u00e9but du voyage \u00e0 la repr\u00e9sentation diplomatique chilienne \u00e0 l&rsquo;\u00e9tranger. Voici le lien vers <a href=\"http:\/\/www.botschaft-bern.com\/chile.html\">l&rsquo;ambassade chilienne \u00e0 Berne<\/a>.<\/p>\n<p>Un aper\u00e7u des visas les plus importants et l&rsquo;explication correspondante se trouve sous : <a href=\"http:\/\/www.contactchile.cl\/de\/entdecken\/fragen-und-antworten\/index.html\">http:\/\/www.contactchile.cl\/de\/entdecken\/fragen-und-antworten\/index.html<\/a><\/p>\n<div id=\"attachment_1304\" style=\"width: 300px\" class=\"wp-caption aligncenter\"><a title=\"EDA\" href=\"https:\/\/www.eda.admin.ch\/eda\/de\/home\/vertretungen-und-reisehinweise\/chile\/reisehinweise-fuerchile.html\" target=\"_blank\" rel=\"noopener\"><img aria-describedby=\"caption-attachment-1304\" class=\" wp-image-1304 \" title=\"Flagge_Chile\" src=\"https:\/\/www.idphoto.app\/aide\/wp-content\/uploads\/2014\/02\/800px-Flag_of_Chile_svg.png\" alt=\"\" width=\"290\" height=\"192\" srcset=\"https:\/\/www.idphoto.app\/aide\/wp-content\/uploads\/2014\/02\/800px-Flag_of_Chile_svg.png 800w, https:\/\/www.idphoto.app\/aide\/wp-content\/uploads\/2014\/02\/800px-Flag_of_Chile_svg-250x167.png 250w, https:\/\/www.idphoto.app\/aide\/wp-content\/uploads\/2014\/02\/800px-Flag_of_Chile_svg-768x512.png 768w, https:\/\/www.idphoto.app\/aide\/wp-content\/uploads\/2014\/02\/800px-Flag_of_Chile_svg-700x466.png 700w, https:\/\/www.idphoto.app\/aide\/wp-content\/uploads\/2014\/02\/800px-Flag_of_Chile_svg-120x80.png 120w\" sizes=\"(max-width: 290px) 100vw, 290px\" \/><\/a><p id=\"caption-attachment-1304\" class=\"wp-caption-text\">Conseils aux voyageurs du DFAE<\/p><\/div>\n","protected":false},"excerpt":{"rendered":"Pour l&rsquo;entr\u00e9e au Chili, des citoyens fran\u00e7ais n&rsquo;ont besoin d&rsquo;aucun visa si la dur\u00e9e de s\u00e9jour ne d\u00e9passe pas 90 jours. On re\u00e7oit directement au d\u00e9but du voyage l&rsquo;ainsi dit \u00ab\u00a0Tarjeta de Tourismo\u00a0\u00bb, lequel autorise la personne pour le s\u00e9jour, est \u00e0 transporter avec et qui doit \u00eatre rendu \u00e0 la fin ou avant le&#8230; <a class=\"view-article\" href=\"https:\/\/www.idphoto.app\/aide\/visa\/chili\/\">Lire l\u2019article<\/a>","protected":false},"author":1,"featured_media":0,"parent":998,"menu_order":0,"comment_status":"open","ping_status":"closed","template":"","meta":[],"_links":{"self":[{"href":"https:\/\/www.idphoto.app\/aide\/wp-json\/wp\/v2\/pages\/1284"}],"collection":[{"href":"https:\/\/www.idphoto.app\/aide\/wp-json\/wp\/v2\/pages"}],"about":[{"href":"https:\/\/www.idphoto.app\/aide\/wp-json\/wp\/v2\/types\/page"}],"author":[{"embeddable":true,"href":"https:\/\/www.idphoto.app\/aide\/wp-json\/wp\/v2\/users\/1"}],"replies":[{"embeddable":true,"href":"https:\/\/www.idphoto.app\/aide\/wp-json\/wp\/v2\/comments?post=1284"}],"version-history":[{"count":5,"href":"https:\/\/www.idphoto.app\/aide\/wp-json\/wp\/v2\/pages\/1284\/revisions"}],"predecessor-version":[{"id":2119,"href":"https:\/\/www.idphoto.app\/aide\/wp-json\/wp\/v2\/pages\/1284\/revisions\/2119"}],"up":[{"embeddable":true,"href":"https:\/\/www.idphoto.app\/aide\/wp-json\/wp\/v2\/pages\/998"}],"wp:attachment":[{"href":"https:\/\/www.idphoto.app\/aide\/wp-json\/wp\/v2\/media?parent=1284"}],"curies":[{"name":"wp","href":"https:\/\/api.w.org\/{rel}","templated":true}]}}