{"id":1280,"date":"2014-01-27T21:14:21","date_gmt":"2014-01-27T20:14:21","guid":{"rendered":"http:\/\/www.idphoto.app\/?page_id=1280"},"modified":"2020-03-19T01:56:44","modified_gmt":"2020-03-19T00:56:44","slug":"bresil","status":"publish","type":"page","link":"https:\/\/www.idphoto.app\/aide\/visa\/bresil\/","title":{"rendered":"Br\u00e9sil \ud83c\udde7\ud83c\uddf7"},"content":{"rendered":"<p>Pour l&rsquo;entr\u00e9e au Br\u00e9sil, des citoyens fran\u00e7ais n&rsquo;ont pas besoin d&rsquo;un vias si la dur\u00e9e de s\u00e9jour ne d\u00e9passe pas 90 jours. Une prolongation unique du s\u00e9jour est possible aupr\u00e8s la police f\u00e9d\u00e9rale br\u00e9silienne \u00ab\u00a0Pol\u00edcia Federal\u00a0\u00bb pour au maximum 90 jours suppl\u00e9mentaires et le s\u00e9jour total ne doit pas d\u00e9passer 180 jours dans une p\u00e9riode de 12 mois.<\/p>\n<p>A c\u00f4t\u00e9 d&rsquo;un passeport d&rsquo;une valabilit\u00e9 d&rsquo;au moins 6 mois une <a href=\"https:\/\/www.idphoto.app\/fr\/upload\/photo-passeport\">photo d&rsquo;identit\u00e9 normale<\/a> ainsi qu&rsquo;un <a href=\"http:\/\/www.consuladobrasil.ch\/fileadmin\/content\/dokumente\/Einreiseformular.pdf\">formulaire d&rsquo;entr\u00e9e &#8211; \u00ab\u00a0Cart \u00e3 o d&rsquo;Entrada \/ Sa\u00edda\u00a0\u00bb<\/a> &#8211; que l&rsquo;on re\u00e7oit dans l&rsquo;avion, sont n\u00e9cessaires. Il est important de noter que la copie du formulaire d&rsquo;entr\u00e9e doit \u00eatre rendue \u00e0 la sortie du pays.<\/p>\n<p>Plus d&rsquo;information se trouve sur le <a href=\"http:\/\/zurique.itamaraty.gov.br\/pt-br\/\">site web de l&rsquo;ambassade br\u00e9silienne<\/a> \u00e0 Berne.<\/p>\n<div id=\"attachment_1296\" style=\"width: 302px\" class=\"wp-caption aligncenter\"><a href=\"https:\/\/www.eda.admin.ch\/eda\/de\/home\/vertretungen-und-reisehinweise\/brasilien\/reisehinweise-fuerbrasilien.html\" target=\"_blank\" rel=\"noopener\"><img aria-describedby=\"caption-attachment-1296\" class=\" wp-image-1296 \" title=\"flagge-brasilien\" src=\"https:\/\/www.idphoto.app\/aide\/wp-content\/uploads\/2014\/02\/flagge-brasilien.png\" alt=\"\" width=\"292\" height=\"190\"><\/a><p id=\"caption-attachment-1296\" class=\"wp-caption-text\">Conseils aux voyageurs du DFAE<\/p><\/div>\n<p><a href=\"https:\/\/www.idphoto.app\/fr\/upload\/photo-passeport\">Cr\u00e9er photo de passeport maintenant \u00bb<\/a><\/p>\n","protected":false},"excerpt":{"rendered":"Pour l&rsquo;entr\u00e9e au Br\u00e9sil, des citoyens fran\u00e7ais n&rsquo;ont pas besoin d&rsquo;un vias si la dur\u00e9e de s\u00e9jour ne d\u00e9passe pas 90 jours. Une prolongation unique du s\u00e9jour est possible aupr\u00e8s la police f\u00e9d\u00e9rale br\u00e9silienne \u00ab\u00a0Pol\u00edcia Federal\u00a0\u00bb pour au maximum 90 jours suppl\u00e9mentaires et le s\u00e9jour total ne doit pas d\u00e9passer 180 jours dans une p\u00e9riode&#8230; <a class=\"view-article\" href=\"https:\/\/www.idphoto.app\/aide\/visa\/bresil\/\">Lire l\u2019article<\/a>","protected":false},"author":1,"featured_media":0,"parent":998,"menu_order":0,"comment_status":"open","ping_status":"closed","template":"","meta":[],"_links":{"self":[{"href":"https:\/\/www.idphoto.app\/aide\/wp-json\/wp\/v2\/pages\/1280"}],"collection":[{"href":"https:\/\/www.idphoto.app\/aide\/wp-json\/wp\/v2\/pages"}],"about":[{"href":"https:\/\/www.idphoto.app\/aide\/wp-json\/wp\/v2\/types\/page"}],"author":[{"embeddable":true,"href":"https:\/\/www.idphoto.app\/aide\/wp-json\/wp\/v2\/users\/1"}],"replies":[{"embeddable":true,"href":"https:\/\/www.idphoto.app\/aide\/wp-json\/wp\/v2\/comments?post=1280"}],"version-history":[{"count":6,"href":"https:\/\/www.idphoto.app\/aide\/wp-json\/wp\/v2\/pages\/1280\/revisions"}],"predecessor-version":[{"id":2104,"href":"https:\/\/www.idphoto.app\/aide\/wp-json\/wp\/v2\/pages\/1280\/revisions\/2104"}],"up":[{"embeddable":true,"href":"https:\/\/www.idphoto.app\/aide\/wp-json\/wp\/v2\/pages\/998"}],"wp:attachment":[{"href":"https:\/\/www.idphoto.app\/aide\/wp-json\/wp\/v2\/media?parent=1280"}],"curies":[{"name":"wp","href":"https:\/\/api.w.org\/{rel}","templated":true}]}}