{"id":1232,"date":"2014-01-19T13:47:13","date_gmt":"2014-01-19T12:47:13","guid":{"rendered":"http:\/\/www.idphoto.app\/?page_id=1232"},"modified":"2020-03-19T02:00:41","modified_gmt":"2020-03-19T01:00:41","slug":"laos","status":"publish","type":"page","link":"https:\/\/www.idphoto.app\/aide\/visa\/laos\/","title":{"rendered":"Laos \ud83c\uddf1\ud83c\udde6"},"content":{"rendered":"<p align=\"left\">Pour l&rsquo;entr\u00e9e au Laos et jusqu&rsquo;\u00e0 une dur\u00e9e de s\u00e9jour de 15 jours des citoyens fran\u00e7ais n&rsquo;ont besoin d&rsquo;aucun visa. Pour un s\u00e9jour de maximum 30 jours une demande d&rsquo;un visa de touriste est n\u00e9c\u00e9ssaire, lequel peut \u00eatre prolong\u00e9 sur place. Une demande est possible ou au franchissement de la fronti\u00e8re ou \u00e0 l&rsquo;avance au <a href=\"http:\/\/www.laos-swiss.ch\/\">consulat laotien<\/a> dans le canton Schwyz soit personellement, soit par voie postale. A c\u00f4t\u00e9 d&rsquo;un passeport d&rsquo;une valabilit\u00e9 d&rsquo;au moins 6 mois une <a href=\"https:\/\/www.idphoto.app\/fr\/upload\/photo-passeport\">photo d&rsquo;identit\u00e9<\/a> normale est demand\u00e9e. Les frais pour un visa de touriste au franchissement de la fronti\u00e8re se l\u00e8vent \u00e0 environ 35.- CHF (selon le taux d&rsquo;\u00e9change) et aux week-ends un suppl\u00e9ment d&rsquo;environ 125.- CHF est exig\u00e9. Une demande avant le d\u00e9part est li\u00e9e \u00e0 des frais de 70.- CHF par personne.<\/p>\n<div id=\"attachment_1261\" style=\"width: 302px\" class=\"wp-caption aligncenter\"><a href=\"http:\/\/www.eda.admin.ch\/eda\/de\/home\/travad\/hidden\/hidde2\/laos.html\" target=\"_blank\" rel=\"noopener\"><img aria-describedby=\"caption-attachment-1261\" class=\" wp-image-1261 \" title=\"Flagge_Laos.svg\" src=\"https:\/\/www.idphoto.app\/aide\/wp-content\/uploads\/2014\/01\/600px-Flag_of_Laos.svg_.png\" alt=\"\" width=\"292\" height=\"190\"><\/a><p id=\"caption-attachment-1261\" class=\"wp-caption-text\">Conseils aux voyageurs du DFAE<\/p><\/div>\n<p><a href=\"https:\/\/www.idphoto.app\/fr\/upload\/photo-passeport\">Cr\u00e9er photo de passeport maintenant \u00bb<\/a><\/p>\n","protected":false},"excerpt":{"rendered":"Pour l&rsquo;entr\u00e9e au Laos et jusqu&rsquo;\u00e0 une dur\u00e9e de s\u00e9jour de 15 jours des citoyens fran\u00e7ais n&rsquo;ont besoin d&rsquo;aucun visa. Pour un s\u00e9jour de maximum 30 jours une demande d&rsquo;un visa de touriste est n\u00e9c\u00e9ssaire, lequel peut \u00eatre prolong\u00e9 sur place. Une demande est possible ou au franchissement de la fronti\u00e8re ou \u00e0 l&rsquo;avance au&#8230; <a class=\"view-article\" href=\"https:\/\/www.idphoto.app\/aide\/visa\/laos\/\">Lire l\u2019article<\/a>","protected":false},"author":1,"featured_media":0,"parent":998,"menu_order":0,"comment_status":"open","ping_status":"closed","template":"","meta":[],"_links":{"self":[{"href":"https:\/\/www.idphoto.app\/aide\/wp-json\/wp\/v2\/pages\/1232"}],"collection":[{"href":"https:\/\/www.idphoto.app\/aide\/wp-json\/wp\/v2\/pages"}],"about":[{"href":"https:\/\/www.idphoto.app\/aide\/wp-json\/wp\/v2\/types\/page"}],"author":[{"embeddable":true,"href":"https:\/\/www.idphoto.app\/aide\/wp-json\/wp\/v2\/users\/1"}],"replies":[{"embeddable":true,"href":"https:\/\/www.idphoto.app\/aide\/wp-json\/wp\/v2\/comments?post=1232"}],"version-history":[{"count":6,"href":"https:\/\/www.idphoto.app\/aide\/wp-json\/wp\/v2\/pages\/1232\/revisions"}],"predecessor-version":[{"id":2113,"href":"https:\/\/www.idphoto.app\/aide\/wp-json\/wp\/v2\/pages\/1232\/revisions\/2113"}],"up":[{"embeddable":true,"href":"https:\/\/www.idphoto.app\/aide\/wp-json\/wp\/v2\/pages\/998"}],"wp:attachment":[{"href":"https:\/\/www.idphoto.app\/aide\/wp-json\/wp\/v2\/media?parent=1232"}],"curies":[{"name":"wp","href":"https:\/\/api.w.org\/{rel}","templated":true}]}}