{"id":1228,"date":"2014-01-19T13:18:44","date_gmt":"2014-01-19T12:18:44","guid":{"rendered":"http:\/\/www.idphoto.app\/?page_id=1228"},"modified":"2020-03-19T01:57:12","modified_gmt":"2020-03-19T00:57:12","slug":"cambodge","status":"publish","type":"page","link":"https:\/\/www.idphoto.app\/aide\/visa\/cambodge\/","title":{"rendered":"Cambodge \ud83c\uddf0\ud83c\udded"},"content":{"rendered":"<p>Pour l&rsquo;entr\u00e9e au Cambodge et de mani\u00e8re g\u00e9n\u00e9rale un visa est exig\u00e9, lequel peut \u00eatre demand\u00e9 directement au passage de la fronti\u00e8re ou aupr\u00e8s le <a href=\"http:\/\/www.cambodiaconsulate.ch\/deutsch\/visum\/index.html\">consulat g\u00e9n\u00e9ral<\/a> cambodgien \u00e0 Paris. Celui-ci offre pour des citoyens fran\u00e7ais la possibilit\u00e9 d&rsquo;une demande par voie postale ou personnelle sur place. A c\u00f4t\u00e9 d&rsquo;un passeport d&rsquo;une valabilit\u00e9 d&rsquo;au moins 6 mois une <a href=\"https:\/\/www.idphoto.app\/fr\/upload\/photo-passeport\">photo d&rsquo;identit\u00e9<\/a> normale au format 35 x 45 mm est demand\u00e9e.<\/p>\n<div id=\"attachment_1249\" style=\"width: 302px\" class=\"wp-caption aligncenter\"><a href=\"http:\/\/www.eda.admin.ch\/eda\/de\/home\/travad\/hidden\/hidde2\/cambod.html\" target=\"_blank\" rel=\"noopener\"><img aria-describedby=\"caption-attachment-1249\" class=\" wp-image-1249 \" title=\"Flagge_Kambodscha.svg\" src=\"https:\/\/www.idphoto.app\/aide\/wp-content\/uploads\/2014\/01\/Flag_of_Cambodia.svg_.png\" alt=\"\" width=\"292\" height=\"190\"><\/a><p id=\"caption-attachment-1249\" class=\"wp-caption-text\">Conseils aux voyageurs du DFAE<\/p><\/div>\n<p><a href=\"https:\/\/www.idphoto.app\/fr\/upload\/photo-passeport\">Cr\u00e9er photo de passeport maintenant \u00bb<\/a><\/p>\n","protected":false},"excerpt":{"rendered":"Pour l&rsquo;entr\u00e9e au Cambodge et de mani\u00e8re g\u00e9n\u00e9rale un visa est exig\u00e9, lequel peut \u00eatre demand\u00e9 directement au passage de la fronti\u00e8re ou aupr\u00e8s le consulat g\u00e9n\u00e9ral cambodgien \u00e0 Paris. Celui-ci offre pour des citoyens fran\u00e7ais la possibilit\u00e9 d&rsquo;une demande par voie postale ou personnelle sur place. A c\u00f4t\u00e9 d&rsquo;un passeport d&rsquo;une valabilit\u00e9 d&rsquo;au moins&#8230; <a class=\"view-article\" href=\"https:\/\/www.idphoto.app\/aide\/visa\/cambodge\/\">Lire l\u2019article<\/a>","protected":false},"author":1,"featured_media":0,"parent":998,"menu_order":0,"comment_status":"open","ping_status":"closed","template":"","meta":[],"_links":{"self":[{"href":"https:\/\/www.idphoto.app\/aide\/wp-json\/wp\/v2\/pages\/1228"}],"collection":[{"href":"https:\/\/www.idphoto.app\/aide\/wp-json\/wp\/v2\/pages"}],"about":[{"href":"https:\/\/www.idphoto.app\/aide\/wp-json\/wp\/v2\/types\/page"}],"author":[{"embeddable":true,"href":"https:\/\/www.idphoto.app\/aide\/wp-json\/wp\/v2\/users\/1"}],"replies":[{"embeddable":true,"href":"https:\/\/www.idphoto.app\/aide\/wp-json\/wp\/v2\/comments?post=1228"}],"version-history":[{"count":6,"href":"https:\/\/www.idphoto.app\/aide\/wp-json\/wp\/v2\/pages\/1228\/revisions"}],"predecessor-version":[{"id":2105,"href":"https:\/\/www.idphoto.app\/aide\/wp-json\/wp\/v2\/pages\/1228\/revisions\/2105"}],"up":[{"embeddable":true,"href":"https:\/\/www.idphoto.app\/aide\/wp-json\/wp\/v2\/pages\/998"}],"wp:attachment":[{"href":"https:\/\/www.idphoto.app\/aide\/wp-json\/wp\/v2\/media?parent=1228"}],"curies":[{"name":"wp","href":"https:\/\/api.w.org\/{rel}","templated":true}]}}