{"id":1224,"date":"2014-01-19T00:52:08","date_gmt":"2014-01-18T23:52:08","guid":{"rendered":"http:\/\/www.idphoto.app\/?page_id=1224"},"modified":"2020-03-19T02:01:06","modified_gmt":"2020-03-19T01:01:06","slug":"japon","status":"publish","type":"page","link":"https:\/\/www.idphoto.app\/aide\/visa\/japon\/","title":{"rendered":"Japon \ud83c\uddef\ud83c\uddf5"},"content":{"rendered":"<p>Pour l&rsquo;entr\u00e9e au Japon et pour les citoyens&nbsp;fran\u00e7ais on n&rsquo;exige aucun visa jusqu&rsquo;\u00e0 une dur\u00e9e de 6 mois. Pour un visa \u00e9ventuel une photo de passeport normale est requise. Cependant, un s\u00e9jour de plus de 90 jours n\u00e9c\u00e9ssite une prolongation de l&rsquo;autorisation de s\u00e9jour de la part de l&rsquo;office d&rsquo;immigration r\u00e9gionale. Pour plus d&rsquo;information consultez le <a href=\"https:\/\/www.fr.emb-japan.go.jp\/itprtop_fr\/index.html\">site web de l&rsquo;ambassade japonaise<\/a> \u00e0 Paris.<\/p>\n<div id=\"attachment_1252\" style=\"width: 302px\" class=\"wp-caption aligncenter\"><a href=\"http:\/\/www.eda.admin.ch\/eda\/de\/home\/travad\/hidden\/hidde2\/japan.html\" target=\"_blank\" rel=\"noopener\"><img aria-describedby=\"caption-attachment-1252\" class=\" wp-image-1252 \" style=\"border: 0.5px solid black;\" title=\"Flagge_Japan.svg\" src=\"https:\/\/www.idphoto.app\/aide\/wp-content\/uploads\/2014\/01\/Flag_of_Japan.svg_.png\" alt=\"\" width=\"292\" height=\"194\" srcset=\"https:\/\/www.idphoto.app\/aide\/wp-content\/uploads\/2014\/01\/Flag_of_Japan.svg_.png 800w, https:\/\/www.idphoto.app\/aide\/wp-content\/uploads\/2014\/01\/Flag_of_Japan.svg_-250x167.png 250w, https:\/\/www.idphoto.app\/aide\/wp-content\/uploads\/2014\/01\/Flag_of_Japan.svg_-768x512.png 768w, https:\/\/www.idphoto.app\/aide\/wp-content\/uploads\/2014\/01\/Flag_of_Japan.svg_-700x466.png 700w, https:\/\/www.idphoto.app\/aide\/wp-content\/uploads\/2014\/01\/Flag_of_Japan.svg_-120x80.png 120w\" sizes=\"(max-width: 292px) 100vw, 292px\" \/><\/a><p id=\"caption-attachment-1252\" class=\"wp-caption-text\">Conseils aux voyageurs du DFAE<\/p><\/div>\n<p><a href=\"https:\/\/www.idphoto.app\/fr\/upload\/photo-passeport\">Cr\u00e9er photo de passeport maintenant \u00bb<\/a><\/p>\n","protected":false},"excerpt":{"rendered":"Pour l&rsquo;entr\u00e9e au Japon et pour les citoyens&nbsp;fran\u00e7ais on n&rsquo;exige aucun visa jusqu&rsquo;\u00e0 une dur\u00e9e de 6 mois. Pour un visa \u00e9ventuel une photo de passeport normale est requise. Cependant, un s\u00e9jour de plus de 90 jours n\u00e9c\u00e9ssite une prolongation de l&rsquo;autorisation de s\u00e9jour de la part de l&rsquo;office d&rsquo;immigration r\u00e9gionale. Pour plus d&rsquo;information consultez&#8230; <a class=\"view-article\" href=\"https:\/\/www.idphoto.app\/aide\/visa\/japon\/\">Lire l\u2019article<\/a>","protected":false},"author":1,"featured_media":0,"parent":998,"menu_order":0,"comment_status":"open","ping_status":"closed","template":"","meta":[],"_links":{"self":[{"href":"https:\/\/www.idphoto.app\/aide\/wp-json\/wp\/v2\/pages\/1224"}],"collection":[{"href":"https:\/\/www.idphoto.app\/aide\/wp-json\/wp\/v2\/pages"}],"about":[{"href":"https:\/\/www.idphoto.app\/aide\/wp-json\/wp\/v2\/types\/page"}],"author":[{"embeddable":true,"href":"https:\/\/www.idphoto.app\/aide\/wp-json\/wp\/v2\/users\/1"}],"replies":[{"embeddable":true,"href":"https:\/\/www.idphoto.app\/aide\/wp-json\/wp\/v2\/comments?post=1224"}],"version-history":[{"count":5,"href":"https:\/\/www.idphoto.app\/aide\/wp-json\/wp\/v2\/pages\/1224\/revisions"}],"predecessor-version":[{"id":2114,"href":"https:\/\/www.idphoto.app\/aide\/wp-json\/wp\/v2\/pages\/1224\/revisions\/2114"}],"up":[{"embeddable":true,"href":"https:\/\/www.idphoto.app\/aide\/wp-json\/wp\/v2\/pages\/998"}],"wp:attachment":[{"href":"https:\/\/www.idphoto.app\/aide\/wp-json\/wp\/v2\/media?parent=1224"}],"curies":[{"name":"wp","href":"https:\/\/api.w.org\/{rel}","templated":true}]}}