{"id":1181,"date":"2013-11-19T11:04:23","date_gmt":"2013-11-19T10:04:23","guid":{"rendered":"http:\/\/www.idphoto.app\/?page_id=1181"},"modified":"2020-03-19T01:59:34","modified_gmt":"2020-03-19T00:59:34","slug":"chine","status":"publish","type":"page","link":"https:\/\/www.idphoto.app\/aide\/visa\/chine\/","title":{"rendered":"R\u00e9publique populaire de Chine (RPC) \ud83c\udde8\ud83c\uddf3"},"content":{"rendered":"<p>Pour une entr\u00e9e dans la r\u00e9publique populaire de Chine (RPC), un visa est demand\u00e9 sous toutes les circonstances.&nbsp;Pour cela deux photos de passeport en couleurs dans le format 35 \u00d7 45 mm sont n\u00e9cessaires et qui ne doivent pas d\u00e9passer l\u2019actualit\u00e9 de 6 mois. La photo de passeport peut \u00eatre adapt\u00e9e rapidement et facilement avec notre <a href=\"https:\/\/www.idphoto.app\/fr\/upload\/photo-passeport\">g\u00e9n\u00e9rateur de photo de passeport<\/a> \u00e0 la bonne taille. \u00c0 quelques exceptions pr\u00e8s les m\u00eames <a href=\"https:\/\/www.idphoto.app\/aide\/photo-de-passeport\/comment-fais-je-une-photo-de-passeport-mode-emploi\/\">r\u00e8glements pour photos biom\u00e9trique <\/a>sont valables comme ils les sont aussi en Suisse pour tous les documents de carte d&rsquo;identit\u00e9.<\/p>\n<p>Depuis le 1 septembre 2013, les nouvelles dispositions de visas s&rsquo;appliquent. Ceux-ci prescrivent, en plus des documents essentiels n\u00e9cessaires dans chaque cas, encore certains documents suppl\u00e9mentaires. Les documents essentiels et \u00e0 pr\u00e9parer absolument avant la proposition du visa sont les suivants:<\/p>\n<p>1. Un passeport original avec une validit\u00e9 minimale de 6 mois apr\u00e8s le s\u00e9jour de voyage souhait\u00e9 et au moins deux pages de visas libres.<br \/>\n2. Une copie sur laquelle la photo et les donn\u00e9es du propri\u00e9taire de passeport sont visibles.<br \/>\n3. Le formulaire de demande compl\u00e8tement rempli et une photo sur laquelle la t\u00eate enti\u00e8re et le visage non cach\u00e9 sont \u00e0 voir sur un fond bien \u00e9clair\u00e9.<br \/>\n4. (optional) Une copie de l&rsquo;autorisation de s\u00e9jour doit \u00eatre ajouter pour tous ceux qui ne mettent pas la demande dans leur patrie.<br \/>\n5. (optional) Des visas chinois d\u00e9j\u00e0 d\u00e9livr\u00e9s et les passeports des anciens citoyens la RPC.<\/p>\n<p><a href=\"http:\/\/www.china-embassy.ch\/ger\/lsfw\/sbqz\/t1070493.htm\">Sur le site de l&rsquo;ambassade de la r\u00e9publique populaire de Chine<\/a>&nbsp;\u00e0 Berne vous trouvez une liste des documents suppl\u00e9mentaires, selon la nature du visa souhait\u00e9.<\/p>\n<p>D\u00e8s que tous les documents sont assembl\u00e9s et que la demande est compl\u00e8tement remplie, celle-ci peut \u00eatre donn\u00e9 sans pr\u00e9avis n\u00e9cessaire, mais, au plus t\u00f4t 90 jours avant le d\u00e9but de voyage \u00e0 l&rsquo;<a href=\"http:\/\/www.china-embassy.ch\/ger\/lsfw\/sbqz\/t1070493.htm\">ambassade de la RPC \u00e0 Berne<\/a> ou au <a href=\"http:\/\/zurich.china-consulate.org\/det\/zlgxx\/dz\/t357721.htm\">Consulat g\u00e9n\u00e9ral de la RPC \u00e0 Zurich<\/a> et le visa peut \u00eatre demand\u00e9.<\/p>\n<p>&nbsp;<\/p>\n<div id=\"attachment_1267\" style=\"width: 302px\" class=\"wp-caption aligncenter\"><a href=\"http:\/\/www.eda.admin.ch\/eda\/de\/home\/travad\/hidden\/hidde2\/china.html\" target=\"_blank\"><img aria-describedby=\"caption-attachment-1267\" class=\" wp-image-1267\" title=\"Flagge_China.svg\" src=\"https:\/\/www.idphoto.app\/aide\/wp-content\/uploads\/2014\/01\/800px-Flag_of_the_Peoples_Republic_of_China.svg_.png\" alt=\"\" width=\"292\" height=\"190\"><\/a><p id=\"caption-attachment-1267\" class=\"wp-caption-text\">Conseils aux voyageurs du DFAE<\/p><\/div>\n<p>&nbsp;<\/p>\n<p><a href=\"https:\/\/www.idphoto.app\/fr\/upload\/photo-passeport\">Cr\u00e9er photo de passeport maintenant \u00bb<\/a><\/p>\n","protected":false},"excerpt":{"rendered":"Pour une entr\u00e9e dans la r\u00e9publique populaire de Chine (RPC), un visa est demand\u00e9 sous toutes les circonstances.&nbsp;Pour cela deux photos de passeport en couleurs dans le format 35 \u00d7 45 mm sont n\u00e9cessaires et qui ne doivent pas d\u00e9passer l\u2019actualit\u00e9 de 6 mois. La photo de passeport peut \u00eatre adapt\u00e9e rapidement et facilement avec&#8230; <a class=\"view-article\" href=\"https:\/\/www.idphoto.app\/aide\/visa\/chine\/\">Lire l\u2019article<\/a>","protected":false},"author":1,"featured_media":0,"parent":998,"menu_order":0,"comment_status":"open","ping_status":"closed","template":"","meta":[],"_links":{"self":[{"href":"https:\/\/www.idphoto.app\/aide\/wp-json\/wp\/v2\/pages\/1181"}],"collection":[{"href":"https:\/\/www.idphoto.app\/aide\/wp-json\/wp\/v2\/pages"}],"about":[{"href":"https:\/\/www.idphoto.app\/aide\/wp-json\/wp\/v2\/types\/page"}],"author":[{"embeddable":true,"href":"https:\/\/www.idphoto.app\/aide\/wp-json\/wp\/v2\/users\/1"}],"replies":[{"embeddable":true,"href":"https:\/\/www.idphoto.app\/aide\/wp-json\/wp\/v2\/comments?post=1181"}],"version-history":[{"count":5,"href":"https:\/\/www.idphoto.app\/aide\/wp-json\/wp\/v2\/pages\/1181\/revisions"}],"predecessor-version":[{"id":2110,"href":"https:\/\/www.idphoto.app\/aide\/wp-json\/wp\/v2\/pages\/1181\/revisions\/2110"}],"up":[{"embeddable":true,"href":"https:\/\/www.idphoto.app\/aide\/wp-json\/wp\/v2\/pages\/998"}],"wp:attachment":[{"href":"https:\/\/www.idphoto.app\/aide\/wp-json\/wp\/v2\/media?parent=1181"}],"curies":[{"name":"wp","href":"https:\/\/api.w.org\/{rel}","templated":true}]}}