{"id":1088,"date":"2013-10-12T13:12:21","date_gmt":"2013-10-12T11:12:21","guid":{"rendered":"http:\/\/www.idphoto.app\/?page_id=1088"},"modified":"2020-03-19T02:01:57","modified_gmt":"2020-03-19T01:01:57","slug":"russie","status":"publish","type":"page","link":"https:\/\/www.idphoto.app\/aide\/visa\/russie\/","title":{"rendered":"F\u00e9d\u00e9ration Russe (Russie) \ud83c\uddf7\ud83c\uddfa"},"content":{"rendered":"<p>Puisque \u00e0 l&rsquo;entr\u00e9e dans la f\u00e9d\u00e9ration russe une obilgation de visa \u00e0 l&rsquo;\u00e9gard des citoyens suisses existe et \u00e0 la fronti\u00e8re aucun visa n&rsquo;est \u00e9tabli, on doit d\u00e9j\u00e0 s&rsquo;efforcer d&rsquo;un avant le d\u00e9but du voyage. Pour cela on s&rsquo;adresse aux centres de visas russes \u00e0 <a href=\"http:\/\/www.vhs-swiss.com\/main.php\" target=\"_blank\">Berne<\/a> ou <a href=\"http:\/\/geneve.kdmid.ru\/\" target=\"_blank\">Gen\u00e8ve<\/a>. Les documents doivent \u00eatre d\u00e9pos\u00e9s imp\u00e9rativement personnellement, dans des cas exclusifs aussi au moyen de la procuration et d&rsquo;un agent g\u00e9n\u00e9ral. En outre, des citoyens des pays tiers (\u00e0 part de la Russie) doivent joindre une copie de l&rsquo;autorisation de s\u00e9jour de la Suisse aux documents.<\/p>\n<p>De mani\u00e8re g\u00e9n\u00e9rale le visa est d\u00e9termin\u00e9 dans le temps (l&rsquo;invitation, confirmation de voyage etc.) et autorise seulement l&rsquo;entr\u00e9e unique respectivement le d\u00e9part. Des voyages combin\u00e9s le cas \u00e9ch\u00e9ant touristiques dans les pays voisins n\u00e9c\u00e9ssites d&rsquo;un double visa.<\/p>\n<p>La demande de visa peut \u00eatre remplie sur le site web du <a href=\"https:\/\/visa.kdmid.ru\/PetitionChoice.aspx?AspxAutoDetectCookieSupport=1\" target=\"_blank\">Minist\u00e8re russe des affaires \u00e9trang\u00e8res<\/a>. Des demandes ne sont pas trait\u00e9es par voie postale!<\/p>\n<p>D&rsquo;autres d\u00e9tails et exigences se trouvent \u00e9galement sur la page d&rsquo;accueil du <a href=\"http:\/\/www.vhs-swiss.com\/main.php?id=visa-requirements&amp;lang=de\" target=\"_blank\">Centre russe de visa<\/a>.<\/p>\n<p>&nbsp;<\/p>\n<div id=\"attachment_1263\" style=\"width: 302px\" class=\"wp-caption aligncenter\"><a href=\"http:\/\/www.eda.admin.ch\/eda\/de\/home\/travad\/hidden\/hidde2\/russia.html\" target=\"_blank\"><img aria-describedby=\"caption-attachment-1263\" class=\" wp-image-1263 \" style=\"border: 0.5px solid black;\" title=\"Flagge_Russland.svg\" src=\"https:\/\/www.idphoto.app\/aide\/wp-content\/uploads\/2014\/01\/Flag_of_Russia.svg_.png\" alt=\"\" width=\"292\" height=\"190\"><\/a><p id=\"caption-attachment-1263\" class=\"wp-caption-text\">Conseils aux voyageurs du DFAE<\/p><\/div>\n<p>&nbsp;<\/p>\n<p><a href=\"https:\/\/www.idphoto.app\/fr\/upload\/photo-passeport\">Cr\u00e9er photo de passeport maintenant \u00bb<\/a><\/p>\n","protected":false},"excerpt":{"rendered":"Puisque \u00e0 l&rsquo;entr\u00e9e dans la f\u00e9d\u00e9ration russe une obilgation de visa \u00e0 l&rsquo;\u00e9gard des citoyens suisses existe et \u00e0 la fronti\u00e8re aucun visa n&rsquo;est \u00e9tabli, on doit d\u00e9j\u00e0 s&rsquo;efforcer d&rsquo;un avant le d\u00e9but du voyage. Pour cela on s&rsquo;adresse aux centres de visas russes \u00e0 Berne ou Gen\u00e8ve. Les documents doivent \u00eatre d\u00e9pos\u00e9s imp\u00e9rativement personnellement,&#8230; <a class=\"view-article\" href=\"https:\/\/www.idphoto.app\/aide\/visa\/russie\/\">Lire l\u2019article<\/a>","protected":false},"author":1,"featured_media":0,"parent":998,"menu_order":0,"comment_status":"open","ping_status":"closed","template":"","meta":[],"_links":{"self":[{"href":"https:\/\/www.idphoto.app\/aide\/wp-json\/wp\/v2\/pages\/1088"}],"collection":[{"href":"https:\/\/www.idphoto.app\/aide\/wp-json\/wp\/v2\/pages"}],"about":[{"href":"https:\/\/www.idphoto.app\/aide\/wp-json\/wp\/v2\/types\/page"}],"author":[{"embeddable":true,"href":"https:\/\/www.idphoto.app\/aide\/wp-json\/wp\/v2\/users\/1"}],"replies":[{"embeddable":true,"href":"https:\/\/www.idphoto.app\/aide\/wp-json\/wp\/v2\/comments?post=1088"}],"version-history":[{"count":4,"href":"https:\/\/www.idphoto.app\/aide\/wp-json\/wp\/v2\/pages\/1088\/revisions"}],"predecessor-version":[{"id":2116,"href":"https:\/\/www.idphoto.app\/aide\/wp-json\/wp\/v2\/pages\/1088\/revisions\/2116"}],"up":[{"embeddable":true,"href":"https:\/\/www.idphoto.app\/aide\/wp-json\/wp\/v2\/pages\/998"}],"wp:attachment":[{"href":"https:\/\/www.idphoto.app\/aide\/wp-json\/wp\/v2\/media?parent=1088"}],"curies":[{"name":"wp","href":"https:\/\/api.w.org\/{rel}","templated":true}]}}