{"id":1067,"date":"2013-10-09T15:12:04","date_gmt":"2013-10-09T13:12:04","guid":{"rendered":"http:\/\/www.idphoto.app\/?page_id=1067"},"modified":"2017-01-27T10:20:54","modified_gmt":"2017-01-27T09:20:54","slug":"solliciter","status":"publish","type":"page","link":"https:\/\/www.idphoto.app\/aide\/livret-pour-etrangers\/solliciter\/","title":{"rendered":"Demander"},"content":{"rendered":"<p>La commande d\u2019une telle autorisation de s\u00e9jour est relativement simple et ne devrait pas \u00eatre un obstacle. Tout dont on a besoin sont les documents demand\u00e9s, une photo passeport et un peu de patience aupr\u00e8s les autorit\u00e9s cantonale de migration et le contr\u00f4le des habitants de la ville ou commune respective.<\/p>\n<p>Depuis les Accords de Schengen il existe une modification suppl\u00e9mentaire concernant la nature du livret pour \u00e9tranger pour des personnes non-appartenant \u00e0 l\u2019union europ\u00e9enne (UE) ou \u00e0 l\u2019Association europ\u00e9enne de libre-\u00e9change (AELE), notamment un livret pour \u00e9trangers biom\u00e9trique.<\/p>\n<p>Vous trouvez toutes les r\u00e9ponses concernant ce sujet et les livrets pour \u00e9trangers sur le site web des <a href=\"https:\/\/www.sem.admin.ch\/sem\/fr\/home\/ueberuns\/kontakt\/kantonale_behoerden\/adressen_kantone_und.html\" target=\"_blank\">autorit\u00e9s cantonales de migration<\/a> respectives ainsi qu&rsquo;<a href=\"https:\/\/www.sem.admin.ch\/sem\/fr\/home\/themen\/aufenthalt\/eu_efta.html\" target=\"_blank\">ici<\/a>.<\/p>\n<p>&nbsp;<\/p>\n<p><img class=\"img-responsive aligncenter wp-image-1121 size-full\" title=\"Biometrischer Ausl\u00e4nderausweis\" src=\"https:\/\/www.idphoto.app\/aide\/wp-content\/uploads\/2013\/10\/1294418036752.jpg\" alt=\"Ausl\u00e4nderausweis\" width=\"276\" height=\"176\" srcset=\"https:\/\/www.idphoto.app\/aide\/wp-content\/uploads\/2013\/10\/1294418036752.jpg 276w, https:\/\/www.idphoto.app\/aide\/wp-content\/uploads\/2013\/10\/1294418036752-250x159.jpg 250w, https:\/\/www.idphoto.app\/aide\/wp-content\/uploads\/2013\/10\/1294418036752-120x77.jpg 120w\" sizes=\"(max-width: 276px) 100vw, 276px\" \/><\/p>\n","protected":false},"excerpt":{"rendered":"La commande d\u2019une telle autorisation de s\u00e9jour est relativement simple et ne devrait pas \u00eatre un obstacle. Tout dont on a besoin sont les documents demand\u00e9s, une photo passeport et un peu de patience aupr\u00e8s les autorit\u00e9s cantonale de migration et le contr\u00f4le des habitants de la ville ou commune respective. Depuis les Accords de&#8230; <a class=\"view-article\" href=\"https:\/\/www.idphoto.app\/aide\/livret-pour-etrangers\/solliciter\/\">Lire l\u2019article<\/a>","protected":false},"author":1,"featured_media":0,"parent":1065,"menu_order":0,"comment_status":"open","ping_status":"closed","template":"","meta":[],"_links":{"self":[{"href":"https:\/\/www.idphoto.app\/aide\/wp-json\/wp\/v2\/pages\/1067"}],"collection":[{"href":"https:\/\/www.idphoto.app\/aide\/wp-json\/wp\/v2\/pages"}],"about":[{"href":"https:\/\/www.idphoto.app\/aide\/wp-json\/wp\/v2\/types\/page"}],"author":[{"embeddable":true,"href":"https:\/\/www.idphoto.app\/aide\/wp-json\/wp\/v2\/users\/1"}],"replies":[{"embeddable":true,"href":"https:\/\/www.idphoto.app\/aide\/wp-json\/wp\/v2\/comments?post=1067"}],"version-history":[{"count":4,"href":"https:\/\/www.idphoto.app\/aide\/wp-json\/wp\/v2\/pages\/1067\/revisions"}],"predecessor-version":[{"id":2061,"href":"https:\/\/www.idphoto.app\/aide\/wp-json\/wp\/v2\/pages\/1067\/revisions\/2061"}],"up":[{"embeddable":true,"href":"https:\/\/www.idphoto.app\/aide\/wp-json\/wp\/v2\/pages\/1065"}],"wp:attachment":[{"href":"https:\/\/www.idphoto.app\/aide\/wp-json\/wp\/v2\/media?parent=1067"}],"curies":[{"name":"wp","href":"https:\/\/api.w.org\/{rel}","templated":true}]}}