{"id":1065,"date":"2013-10-09T15:11:33","date_gmt":"2013-10-09T13:11:33","guid":{"rendered":"http:\/\/www.idphoto.app\/?page_id=1065"},"modified":"2019-01-07T11:51:59","modified_gmt":"2019-01-07T10:51:59","slug":"livret-pour-etrangers","status":"publish","type":"page","link":"https:\/\/www.idphoto.app\/aide\/livret-pour-etrangers\/","title":{"rendered":"Livret pour \u00e9trangers"},"content":{"rendered":"<p>Qui voudrait vivre et travailler en France, a besoin d&rsquo;un livret pour \u00e9tranger. Des courts s\u00e9jours jusqu&rsquo;\u00e0 3 mois et aussi des s\u00e9jours pour personnes sans activit\u00e9 lucrative jusqu&rsquo;\u00e0 3 mois, ne sont pas soumis \u00e0 une autorisation. Dans des circonstances particuli\u00e8res, souvent d\u00e9pendant du pays d&rsquo;origine de la personne concern\u00e9e, un enregistrement aupr\u00e8s l&rsquo;administration de l&#8217;emploi est n\u00e9cessaire.<\/p>\n<p>Dans l&rsquo;essentiel, on distingue entre les autorisations de s\u00e9jour L (courtes &lt; 1 an), B (jusqu&rsquo;\u00e0 5 ans, prolongeable) et le droit d&rsquo;\u00e9tablissement C (illimit\u00e9).<\/p>\n<p>Les crit\u00e8res pour la photo dans le livret pour \u00e9tranger d\u00e9pendent de la sorte du livret pour \u00e9tranger. Pour un livret pour \u00e9tranger biom\u00e9trique, on a besoin d&rsquo;une photo de passeport biom\u00e9trique, pour un livret d&rsquo;\u00e9tranger non biom\u00e9trique, une <a href=\"https:\/\/www.idphoto.app\/aide\/photo-de-passeport\/\" target=\"_blank\">photo de passeport<\/a> fran\u00e7ais traditionnelle (35 mm \u00d7 45 mm) qui n&rsquo;est pas plus \u00e2g\u00e9 qu&rsquo;un an est suffisante. Pour ceci, on s&rsquo;oriente le mieux d&rsquo;apr\u00e8s le <a href=\"https:\/\/www.idphoto.app\/aide\/passeport\/comment-faire-une-photo-biometrique-de-passeport\/\">tableau des photos-types biom\u00e9trique f\u00e9d\u00e9ral<\/a> &#8211; comme ceci on est du bon c\u00f4t\u00e9.<\/p>\n","protected":false},"excerpt":{"rendered":"Qui voudrait vivre et travailler en France, a besoin d&rsquo;un livret pour \u00e9tranger. Des courts s\u00e9jours jusqu&rsquo;\u00e0 3 mois et aussi des s\u00e9jours pour personnes sans activit\u00e9 lucrative jusqu&rsquo;\u00e0 3 mois, ne sont pas soumis \u00e0 une autorisation. Dans des circonstances particuli\u00e8res, souvent d\u00e9pendant du pays d&rsquo;origine de la personne concern\u00e9e, un enregistrement aupr\u00e8s l&rsquo;administration&#8230; <a class=\"view-article\" href=\"https:\/\/www.idphoto.app\/aide\/livret-pour-etrangers\/\">Lire l\u2019article<\/a>","protected":false},"author":1,"featured_media":0,"parent":0,"menu_order":0,"comment_status":"open","ping_status":"closed","template":"","meta":[],"_links":{"self":[{"href":"https:\/\/www.idphoto.app\/aide\/wp-json\/wp\/v2\/pages\/1065"}],"collection":[{"href":"https:\/\/www.idphoto.app\/aide\/wp-json\/wp\/v2\/pages"}],"about":[{"href":"https:\/\/www.idphoto.app\/aide\/wp-json\/wp\/v2\/types\/page"}],"author":[{"embeddable":true,"href":"https:\/\/www.idphoto.app\/aide\/wp-json\/wp\/v2\/users\/1"}],"replies":[{"embeddable":true,"href":"https:\/\/www.idphoto.app\/aide\/wp-json\/wp\/v2\/comments?post=1065"}],"version-history":[{"count":5,"href":"https:\/\/www.idphoto.app\/aide\/wp-json\/wp\/v2\/pages\/1065\/revisions"}],"predecessor-version":[{"id":2097,"href":"https:\/\/www.idphoto.app\/aide\/wp-json\/wp\/v2\/pages\/1065\/revisions\/2097"}],"wp:attachment":[{"href":"https:\/\/www.idphoto.app\/aide\/wp-json\/wp\/v2\/media?parent=1065"}],"curies":[{"name":"wp","href":"https:\/\/api.w.org\/{rel}","templated":true}]}}