{"id":1034,"date":"2013-10-06T21:41:43","date_gmt":"2013-10-06T19:41:43","guid":{"rendered":"http:\/\/www.idphoto.app\/?page_id=1034"},"modified":"2019-01-07T11:50:37","modified_gmt":"2019-01-07T10:50:37","slug":"taille-format","status":"publish","type":"page","link":"https:\/\/www.idphoto.app\/aide\/photo-visa\/taille-format\/","title":{"rendered":"Taille &#038; format"},"content":{"rendered":"<nav class=\"chapter-toc\">\n<h2>Contenu<\/h2>\n<ul>\n<li><a class=\"smooth\" href=\"#taille-photo-identite-plus-courante\">Taille de photo d&rsquo;identit\u00e9 plus courante pour visa<\/a><\/li>\n<li><a class=\"smooth\" href=\"#taille-photo-identite-par-pays\">Taille de photo d&rsquo;identit\u00e9 par pays<\/a><\/li>\n<\/ul>\n<\/nav>\n<h2 id=\"gangigste-passbildgroessen\">Taille de photo d&rsquo;identit\u00e9 plus courante pour visa<\/h2>\n<p>Dans le cas o\u00f9 vous pr\u00e9voyez un voyage dans un pays \u00e9loign\u00e9, les citoyens suisses ont souvent besoin d&rsquo;un <a href=\"https:\/\/www.idphoto.app\/aide\/visa\/\">visa<\/a>. Pour presque tous les pays en dehors de l&rsquo;UE, ces visas sont demand\u00e9s pour des touristes et mais aussi pour des voyageurs d&rsquo;affaires. Pour la demande d&rsquo;un visa, on a toujours besoin d&rsquo;au moins un, plus souvent de deux photos de visa. Selon le pays d&rsquo;objectif les demandes et les grandeurs de ces photos se distinguent. Les deux tailles les plus courantes pour des photos de visa sont les suivantes:<\/p>\n<ul>\n<li>la <strong>taille europ\u00e9enne normalis\u00e9e<\/strong> de <strong>35 mm \u00d7 45 mm<\/strong><br \/>\n(<strong>ou 3,5 cm \u00d7 4,5 cm<\/strong>) et<\/li>\n<li>la <strong>taille am\u00e9ricaine normalis\u00e9e<\/strong> de <strong>2 \u00d7&nbsp;2 pouce ou 50 \u00d7&nbsp;50 mm<br \/>\n(5 \u00d7&nbsp;5 cm)<\/strong>.<\/li>\n<\/ul>\n<p>Vous trouvez ci-apr\u00e8s une comparaison des deux tailles standards:<\/p>\n<div class=\"table-responsive\">\n<table class=\"orange\">\n<thead>\n<tr>\n<th><\/th>\n<th>Taille europ\u00e9enne normalis\u00e9e<\/th>\n<th>Taille am\u00e9ricaine normalis\u00e9e<\/th>\n<\/tr>\n<\/thead>\n<tbody>\n<tr>\n<td>Photo d&rsquo;exemple<\/td>\n<td><img title=\"Biometrisches Passfoto\" src=\"https:\/\/www.idphoto.app\/aide\/wp-content\/uploads\/2015\/09\/passbild-groesse.jpg\" alt=\"Gr\u00f6\u00dfe eines biometrischen Passfotos\" width=\"160\" height=\"200\"><\/td>\n<td><img title=\"Biometrisches Passfoto f\u00fcr ein Visum\" src=\"https:\/\/www.idphoto.app\/aide\/wp-content\/uploads\/2015\/09\/visum-foto-groesse.jpg\" alt=\"Gr\u00f6\u00dfe eines biometrischen Visum-Fotos\" width=\"210\" height=\"210\"><\/td>\n<\/tr>\n<tr>\n<td>Centim\u00e8tre<\/td>\n<td>3,5 \u00d7 4,5 cm<\/td>\n<td>5,0&nbsp;\u00d7 5,0 cm<\/td>\n<\/tr>\n<tr>\n<td>Millim\u00e8tre<\/td>\n<td>35 \u00d7 45 mm<\/td>\n<td>50&nbsp;\u00d7 50&nbsp;mm<\/td>\n<\/tr>\n<tr>\n<td>Pouce<\/td>\n<td>1,38&nbsp;\u00d7 1,77 pouces<\/td>\n<td>2&nbsp;\u00d7 2 pouces<\/td>\n<\/tr>\n<tr>\n<td>D\u00e9couper la photo<\/td>\n<td><a class=\"hollow-button orange\" title=\"Jetzt ein Passbild erstellen\" href=\"https:\/\/www.idphoto.app\/fr\/upload\/photo-passeport\">Cr\u00e9er sa photo d&rsquo;identit\u00e9 maintenant<\/a><\/td>\n<td><a class=\"hollow-button orange\" title=\"Jetzt ein Visum-Foto erstellen\" href=\"https:\/\/www.idphoto.app\/fr\/upload\/visa-photo\">Cr\u00e9er sa photo d&rsquo;identit\u00e9 pour visa maintenant<\/a><\/td>\n<\/tr>\n<\/tbody>\n<\/table>\n<\/div>\n<p>Les deux tailles de photo peuvent \u00eatre <strong>d\u00e9coup\u00e9es gratuitement sur le rapport largeur\/hauter correct<\/strong> dans notre <a href=\"https:\/\/www.idphoto.app\/fr\/upload\/photo-passeport\">g\u00e9n\u00e9rateur de photo pour passeport<\/a> ou <a href=\"https:\/\/www.idphoto.app\/fr\/upload\/visa-photo\">g\u00e9n\u00e9rateur de photo pour visa<\/a> et peuvent \u00eatre adapt\u00e9es au mod\u00e8le biom\u00e9trique.<\/p>\n<hr>\n<h2><\/h2>\n<h2 id=\"passbildgroesse-nach-land\">Taille de photo d&rsquo;identit\u00e9 par pays<\/h2>\n<p>Vous trouvez ci-apr\u00e8s un petit aper\u00e7u des tailles de photos pour visa pour des destinations courantes:<\/p>\n<div class=\"table-responsive\">\n<table class=\"orange\">\n<thead>\n<tr>\n<th>Pays<\/th>\n<th>Taille en centim\u00e8tres<\/th>\n<th>Taille en millim\u00e8tres<\/th>\n<th>Taille en pouces<\/th>\n<\/tr>\n<\/thead>\n<tbody>\n<tr>\n<td><strong>Argentine<\/strong><\/td>\n<td>3,5 \u00d7 4,5 cm<\/td>\n<td>35 \u00d7 45 mm<\/td>\n<td>1,38 \u00d7 1,77 pouces<\/td>\n<\/tr>\n<tr>\n<td><strong>Allemagne<\/strong><\/td>\n<td>3,5 \u00d7 4,5 cm<\/td>\n<td>35 \u00d7 45 mm<\/td>\n<td>1,38 \u00d7 1,77 pouces<\/td>\n<\/tr>\n<tr>\n<td><strong>France<\/strong><\/td>\n<td>3,5 \u00d7 4,5 cm<\/td>\n<td>35 \u00d7 45 mm<\/td>\n<td>1,38 \u00d7 1,77 pouces<\/td>\n<\/tr>\n<tr>\n<td><strong>Italie<\/strong><\/td>\n<td>3,0 \u00d7 4,0 cm<\/td>\n<td>30 \u00d7 40 mm<\/td>\n<td>1,18 \u00d7 1,57 pouces<\/td>\n<\/tr>\n<tr>\n<td><strong>Norv\u00e8ge<\/strong><\/td>\n<td>3,5 \u00d7 4,0 cm<\/td>\n<td>35 \u00d7 40 mm<\/td>\n<td>1,38 \u00d7 1,57 pouces<\/td>\n<\/tr>\n<tr>\n<td><strong>Russie<\/strong><\/td>\n<td>3,5 \u00d7 4,5 cm<\/td>\n<td>35 \u00d7 45 mm<\/td>\n<td>1,38 \u00d7 1,77 pouces<\/td>\n<\/tr>\n<tr>\n<td><strong>Espagne<\/strong><\/td>\n<td>3,0 \u00d7 4,0 cm<\/td>\n<td>30 \u00d7 40 mm<\/td>\n<td>1,18 \u00d7 1,57 pouces<\/td>\n<\/tr>\n<tr>\n<td><strong>Etats-Unis<\/strong><\/td>\n<td>5 \u00d7 5 cm<\/td>\n<td>50 \u00d7 50 mm<\/td>\n<td>2 \u00d7 2 pouces<\/td>\n<\/tr>\n<tr>\n<td><strong>Royaume-Uni<\/strong><\/td>\n<td>3,5 \u00d7 4,5 cm<\/td>\n<td>35 \u00d7 45&nbsp;mm<\/td>\n<td>1,38 \u00d7 1,77 pouces<\/td>\n<\/tr>\n<tr>\n<td><strong>Vi\u00eat-nam<\/strong><\/td>\n<td>4&nbsp;\u00d7 6&nbsp;cm<\/td>\n<td>40&nbsp;\u00d7 60&nbsp;mm<\/td>\n<td>1,57&nbsp;\u00d7 2,36 pouces<\/td>\n<\/tr>\n<\/tbody>\n<\/table>\n<\/div>\n<p>Nous avons r\u00e9sum\u00e9 les indications exactes relatif \u00e0 chaque pays et un <a href=\"https:\/\/www.idphoto.app\/aide\/visa\/\">aper\u00e7u complet de tous les pays<\/a> dans les sous-rubriques correspondantes de la cat\u00e9gorie \u00ab\u00a0<a href=\"https:\/\/www.idphoto.app\/aide\/visa\/\">visa<\/a>\u00ab\u00a0. La taille correcte de photo pour visa de tous les pays peut aussi \u00eatre d\u00e9termin\u00e9e par l&rsquo;outil suivant :<\/p>\n<p><a href=\"https:\/\/www.idphoto.app\/fr\/taille-du-passeport\">D\u00e9terminer la taille de photo \u00bb<\/a><\/p>\n","protected":false},"excerpt":{"rendered":"Contenu Taille de photo d&rsquo;identit\u00e9 plus courante pour visa Taille de photo d&rsquo;identit\u00e9 par pays Taille de photo d&rsquo;identit\u00e9 plus courante pour visa Dans le cas o\u00f9 vous pr\u00e9voyez un voyage dans un pays \u00e9loign\u00e9, les citoyens suisses ont souvent besoin d&rsquo;un visa. Pour presque tous les pays en dehors de l&rsquo;UE, ces visas sont&#8230; <a class=\"view-article\" href=\"https:\/\/www.idphoto.app\/aide\/photo-visa\/taille-format\/\">Lire l\u2019article<\/a>","protected":false},"author":1,"featured_media":0,"parent":1003,"menu_order":0,"comment_status":"open","ping_status":"closed","template":"","meta":[],"_links":{"self":[{"href":"https:\/\/www.idphoto.app\/aide\/wp-json\/wp\/v2\/pages\/1034"}],"collection":[{"href":"https:\/\/www.idphoto.app\/aide\/wp-json\/wp\/v2\/pages"}],"about":[{"href":"https:\/\/www.idphoto.app\/aide\/wp-json\/wp\/v2\/types\/page"}],"author":[{"embeddable":true,"href":"https:\/\/www.idphoto.app\/aide\/wp-json\/wp\/v2\/users\/1"}],"replies":[{"embeddable":true,"href":"https:\/\/www.idphoto.app\/aide\/wp-json\/wp\/v2\/comments?post=1034"}],"version-history":[{"count":3,"href":"https:\/\/www.idphoto.app\/aide\/wp-json\/wp\/v2\/pages\/1034\/revisions"}],"predecessor-version":[{"id":2094,"href":"https:\/\/www.idphoto.app\/aide\/wp-json\/wp\/v2\/pages\/1034\/revisions\/2094"}],"up":[{"embeddable":true,"href":"https:\/\/www.idphoto.app\/aide\/wp-json\/wp\/v2\/pages\/1003"}],"wp:attachment":[{"href":"https:\/\/www.idphoto.app\/aide\/wp-json\/wp\/v2\/media?parent=1034"}],"curies":[{"name":"wp","href":"https:\/\/api.w.org\/{rel}","templated":true}]}}