{"id":1029,"date":"2013-10-06T21:13:52","date_gmt":"2013-10-06T19:13:52","guid":{"rendered":"http:\/\/www.idphoto.app\/?page_id=1029"},"modified":"2017-01-27T10:25:30","modified_gmt":"2017-01-27T09:25:30","slug":"creer-une-photo-visa","status":"publish","type":"page","link":"https:\/\/www.idphoto.app\/aide\/photo-visa\/creer-une-photo-visa\/","title":{"rendered":"Cr\u00e9er une photo visa"},"content":{"rendered":"<div>\n<p>Pour certaines destinations en dehors de l&rsquo;UE, un visa est exig\u00e9 pour des touristes ou des voyageurs de commerce suisses. Pour ce visa, deux photos d&rsquo;identit\u00e9 actuelles, color\u00e9es sont demand\u00e9es dans le format am\u00e9ricain de 2 \u00d7 2 pouces ou bien de 5 x 5 cm. D&rsquo;obtenir ce <a href=\"https:\/\/www.idphoto.app\/aide\/photo-visa\/taille-format\/\">format sp\u00e9cial pour une photo visa<\/a> peut \u00eatre parfois difficile et cher. Par contre, il est beaucoup plus facile de produire par soi-m\u00eame une photo visa, par exemple avec un appareil photo num\u00e9rique ou bien le smartphone.<\/p>\n<h2>Exigences pour une photo visa<\/h2>\n<p>Entre-temps presque partout dans le monde, les <a href=\"https:\/\/www.idphoto.app\/aide\/photo-de-passeport\/comment-fais-je-une-photo-de-passeport-mode-emploi\/\">dispositions de photo d&rsquo;identit\u00e9 biom\u00e9triques<\/a> sont valables sous une forme l\u00e9g\u00e8rement modifi\u00e9e. Bri\u00e8vement de mani\u00e8re r\u00e9sum\u00e9e, cela signifie que :<\/p>\n<ul>\n<li>on ne peut pas sourire,<\/li>\n<\/ul>\n<ul>\n<li>on doit regarder absolument frontal dans l&rsquo;appareil photo et<\/li>\n<\/ul>\n<ul>\n<li>qu&rsquo;on se trouve devant un arri\u00e8re-plan unicolore (gris ou blanc).<\/li>\n<\/ul>\n<p>A cause du d\u00e9tail un peu plus grand qu&rsquo;en photos de passeport normales usuelles en Suisse,une partie du torse ainsi que les \u00e9paules doivent \u00eatre visible sur la photo initiale. Autrement, on remarque \u00e0 l&rsquo;adaptation de la photo visa que quelque chose en bas manque.<\/p>\n<h2>Cr\u00e9er une photo visa<\/h2>\n<p>C&rsquo;est pourquoi, le mieux c&rsquo;est de prendre la photo \u00e0 une distance de 2 m\u00e8tres. Pour ceci, l&rsquo;appareil photo devrait \u00eatre garder au niveau des yeux de la personne photographi\u00e9e. Chez des enfants il vaut mieux se mettre en position accroupie!<\/p>\n<p>Des ombres en arri\u00e8re-plan peuvent \u00eatre \u00e9vit\u00e9es, si on se trouve \u00e9loign\u00e9 \u00e0 quelques pas du mur et si on renonce \u00e0 l&rsquo;\u00e9clair de l&rsquo;appareil photo. En plus, la pi\u00e8ce devrait \u00eatre bien \u00e9clair\u00e9 \u2013 au mieux pendant la journ\u00e9e avec des stores ouvertes.<\/p>\n<p>La photo initiale peut \u00eatre d\u00e9coup\u00e9e gratuitement dans notre <a href=\"https:\/\/www.idphoto.app\/fr\/upload\/visa-photo\">g\u00e9n\u00e9rateur pour photo visa<\/a> et peut \u00eatre adapt\u00e9e au mod\u00e8le correspondant.<\/p>\n<\/div>\n","protected":false},"excerpt":{"rendered":"Pour certaines destinations en dehors de l&rsquo;UE, un visa est exig\u00e9 pour des touristes ou des voyageurs de commerce suisses. Pour ce visa, deux photos d&rsquo;identit\u00e9 actuelles, color\u00e9es sont demand\u00e9es dans le format am\u00e9ricain de 2 \u00d7 2 pouces ou bien de 5 x 5 cm. D&rsquo;obtenir ce format sp\u00e9cial pour une photo visa peut&#8230; <a class=\"view-article\" href=\"https:\/\/www.idphoto.app\/aide\/photo-visa\/creer-une-photo-visa\/\">Lire l\u2019article<\/a>","protected":false},"author":1,"featured_media":0,"parent":1003,"menu_order":0,"comment_status":"open","ping_status":"closed","template":"","meta":[],"_links":{"self":[{"href":"https:\/\/www.idphoto.app\/aide\/wp-json\/wp\/v2\/pages\/1029"}],"collection":[{"href":"https:\/\/www.idphoto.app\/aide\/wp-json\/wp\/v2\/pages"}],"about":[{"href":"https:\/\/www.idphoto.app\/aide\/wp-json\/wp\/v2\/types\/page"}],"author":[{"embeddable":true,"href":"https:\/\/www.idphoto.app\/aide\/wp-json\/wp\/v2\/users\/1"}],"replies":[{"embeddable":true,"href":"https:\/\/www.idphoto.app\/aide\/wp-json\/wp\/v2\/comments?post=1029"}],"version-history":[{"count":3,"href":"https:\/\/www.idphoto.app\/aide\/wp-json\/wp\/v2\/pages\/1029\/revisions"}],"predecessor-version":[{"id":1979,"href":"https:\/\/www.idphoto.app\/aide\/wp-json\/wp\/v2\/pages\/1029\/revisions\/1979"}],"up":[{"embeddable":true,"href":"https:\/\/www.idphoto.app\/aide\/wp-json\/wp\/v2\/pages\/1003"}],"wp:attachment":[{"href":"https:\/\/www.idphoto.app\/aide\/wp-json\/wp\/v2\/media?parent=1029"}],"curies":[{"name":"wp","href":"https:\/\/api.w.org\/{rel}","templated":true}]}}