{"id":1019,"date":"2013-10-06T21:03:42","date_gmt":"2013-10-06T19:03:42","guid":{"rendered":"http:\/\/www.idphoto.app\/?page_id=1019"},"modified":"2020-03-19T02:02:41","modified_gmt":"2020-03-19T01:02:41","slug":"etats-unis-d-amerique","status":"publish","type":"page","link":"https:\/\/www.idphoto.app\/aide\/visa\/etats-unis-d-amerique\/","title":{"rendered":"Etats-Unis d&rsquo;Am\u00e9rique \ud83c\uddfa\ud83c\uddf8"},"content":{"rendered":"<p>Des membres de 36 \u00e9tats suivants, y compris aussi les citoyens suisses, n&rsquo;ont pas besoin d&rsquo;un visa pour un s\u00e9jour aux \u00c9tats-Unis, si la dur\u00e9e du s\u00e9jour est inf\u00e9rieure \u00e0 90 jours. Si cette situation s&rsquo;applique on peut tomber sous le \u201c<a href=\"http:\/\/travel.state.gov\/visa\/temp\/without\/without_1990.html\" target=\"_blank\">visa waiver programme<\/a>\u201d (VWP; programme d&rsquo;exposition de visa) et on doit s&rsquo;enregistrer tout simplement avant le d\u00e9but de voyage au moyen d&rsquo;<a href=\"http:\/\/cbp.gov\/xp\/cgov\/travel\/id_visa\/esta\/\" target=\"_blank\">ESTA<\/a> (Electronic Syst\u00e8me for Travel Authorization), un syst\u00e8me \u00e9lectronique d&rsquo;autorisation de voyage.<\/p>\n<div class=\"table-responsive\">\n<table>\n<tbody>\n<tr>\n<td width=\"34%\">Andorre<\/td>\n<td width=\"33%\">Hongrie<\/td>\n<td width=\"33%\">Nouvelle-Z\u00e9lande<\/td>\n<\/tr>\n<tr>\n<td width=\"34%\">Australie<\/td>\n<td width=\"33%\">Islande<\/td>\n<td width=\"33%\">Norv\u00e8ge<\/td>\n<\/tr>\n<tr>\n<td width=\"34%\">Autriche<\/td>\n<td width=\"33%\">Irelande<\/td>\n<td width=\"33%\">Portugal<\/td>\n<\/tr>\n<tr>\n<td width=\"34%\">Belgique<\/td>\n<td width=\"33%\">Italie<\/td>\n<td width=\"33%\">Saint-Marin<\/td>\n<\/tr>\n<tr>\n<td width=\"34%\">Brunei<\/td>\n<td width=\"33%\">Japon<\/td>\n<td width=\"33%\">Singapour<\/td>\n<\/tr>\n<tr>\n<td width=\"34%\">R\u00e9publique Tch\u00e8que<\/td>\n<td width=\"33%\">Lettonie<\/td>\n<td width=\"33%\">Slovaquie<\/td>\n<\/tr>\n<tr>\n<td width=\"34%\">Danemark<\/td>\n<td width=\"33%\">Liechtenstein<\/td>\n<td width=\"33%\">Slov\u00e9nie<\/td>\n<\/tr>\n<tr>\n<td width=\"34%\">Estonie<\/td>\n<td width=\"33%\">Lituanie<\/td>\n<td width=\"33%\">Cor\u00e9e du sud<\/td>\n<\/tr>\n<tr>\n<td width=\"34%\">Finlande<\/td>\n<td width=\"33%\">Luxembourg<\/td>\n<td width=\"33%\">Espagne<\/td>\n<\/tr>\n<tr>\n<td width=\"34%\">France<\/td>\n<td width=\"33%\">Malte<\/td>\n<td width=\"33%\">Su\u00e8de<\/td>\n<\/tr>\n<tr>\n<td width=\"34%\">Allemagne<\/td>\n<td width=\"33%\">Monaco<\/td>\n<td width=\"33%\">Suisse<\/td>\n<\/tr>\n<tr>\n<td width=\"34%\" height=\"13\">Gr\u00e8ce<\/td>\n<td width=\"33%\" height=\"13\">Hollande<\/td>\n<td width=\"33%\" height=\"13\">Royaume-Uni<\/td>\n<\/tr>\n<\/tbody>\n<\/table>\n<\/div>\n","protected":false},"excerpt":{"rendered":"Des membres de 36 \u00e9tats suivants, y compris aussi les citoyens suisses, n&rsquo;ont pas besoin d&rsquo;un visa pour un s\u00e9jour aux \u00c9tats-Unis, si la dur\u00e9e du s\u00e9jour est inf\u00e9rieure \u00e0 90 jours. Si cette situation s&rsquo;applique on peut tomber sous le \u201cvisa waiver programme\u201d (VWP; programme d&rsquo;exposition de visa) et on doit s&rsquo;enregistrer tout simplement&#8230; <a class=\"view-article\" href=\"https:\/\/www.idphoto.app\/aide\/visa\/etats-unis-d-amerique\/\">Lire l\u2019article<\/a>","protected":false},"author":1,"featured_media":0,"parent":998,"menu_order":0,"comment_status":"open","ping_status":"closed","template":"","meta":[],"_links":{"self":[{"href":"https:\/\/www.idphoto.app\/aide\/wp-json\/wp\/v2\/pages\/1019"}],"collection":[{"href":"https:\/\/www.idphoto.app\/aide\/wp-json\/wp\/v2\/pages"}],"about":[{"href":"https:\/\/www.idphoto.app\/aide\/wp-json\/wp\/v2\/types\/page"}],"author":[{"embeddable":true,"href":"https:\/\/www.idphoto.app\/aide\/wp-json\/wp\/v2\/users\/1"}],"replies":[{"embeddable":true,"href":"https:\/\/www.idphoto.app\/aide\/wp-json\/wp\/v2\/comments?post=1019"}],"version-history":[{"count":3,"href":"https:\/\/www.idphoto.app\/aide\/wp-json\/wp\/v2\/pages\/1019\/revisions"}],"predecessor-version":[{"id":2117,"href":"https:\/\/www.idphoto.app\/aide\/wp-json\/wp\/v2\/pages\/1019\/revisions\/2117"}],"up":[{"embeddable":true,"href":"https:\/\/www.idphoto.app\/aide\/wp-json\/wp\/v2\/pages\/998"}],"wp:attachment":[{"href":"https:\/\/www.idphoto.app\/aide\/wp-json\/wp\/v2\/media?parent=1019"}],"curies":[{"name":"wp","href":"https:\/\/api.w.org\/{rel}","templated":true}]}}