{"id":1016,"date":"2013-10-06T21:00:15","date_gmt":"2013-10-06T19:00:15","guid":{"rendered":"http:\/\/www.idphoto.app\/?page_id=1016"},"modified":"2020-03-19T02:03:12","modified_gmt":"2020-03-19T01:03:12","slug":"canada","status":"publish","type":"page","link":"https:\/\/www.idphoto.app\/aide\/visa\/canada\/","title":{"rendered":"Canada \ud83c\udde8\ud83c\udde6"},"content":{"rendered":"<p>Pour l&rsquo;entr\u00e9e au Canada, aucun visa n&rsquo;est exig\u00e9 des citoyens suisses. La liste compl\u00e8te des \u00e9tats, dont l&rsquo;entr\u00e9e ne n\u00e9c\u00e9ssite pas un visa est visible sous le lien suivant: <a href=\"http:\/\/www.cic.gc.ca\/english\/visit\/visas.asp#exemptions\">http:\/\/www.cic.gc.ca\/english\/visit\/visas.asp#exemptions<\/a><\/p>\n<p>&nbsp;<\/p>\n<div id=\"attachment_1258\" style=\"width: 302px\" class=\"wp-caption aligncenter\"><a href=\"http:\/\/www.eda.admin.ch\/eda\/de\/home\/travad\/hidden\/hidde2\/canada.html\" target=\"_blank\"><img aria-describedby=\"caption-attachment-1258\" class=\" wp-image-1258 \" title=\"Flagge_Kanada.svg\" src=\"https:\/\/www.idphoto.app\/aide\/wp-content\/uploads\/2014\/01\/Flag_of_Canada.svg_.png\" alt=\"\" width=\"292\" height=\"160\"><\/a><p id=\"caption-attachment-1258\" class=\"wp-caption-text\">Le compte rendu de la situation actuel du DFAE en cliquant ici<\/p><\/div>\n<p style=\"text-align: center;\">\n","protected":false},"excerpt":{"rendered":"Pour l&rsquo;entr\u00e9e au Canada, aucun visa n&rsquo;est exig\u00e9 des citoyens suisses. La liste compl\u00e8te des \u00e9tats, dont l&rsquo;entr\u00e9e ne n\u00e9c\u00e9ssite pas un visa est visible sous le lien suivant: http:\/\/www.cic.gc.ca\/english\/visit\/visas.asp#exemptions &nbsp;","protected":false},"author":1,"featured_media":0,"parent":998,"menu_order":0,"comment_status":"open","ping_status":"closed","template":"","meta":[],"_links":{"self":[{"href":"https:\/\/www.idphoto.app\/aide\/wp-json\/wp\/v2\/pages\/1016"}],"collection":[{"href":"https:\/\/www.idphoto.app\/aide\/wp-json\/wp\/v2\/pages"}],"about":[{"href":"https:\/\/www.idphoto.app\/aide\/wp-json\/wp\/v2\/types\/page"}],"author":[{"embeddable":true,"href":"https:\/\/www.idphoto.app\/aide\/wp-json\/wp\/v2\/users\/1"}],"replies":[{"embeddable":true,"href":"https:\/\/www.idphoto.app\/aide\/wp-json\/wp\/v2\/comments?post=1016"}],"version-history":[{"count":3,"href":"https:\/\/www.idphoto.app\/aide\/wp-json\/wp\/v2\/pages\/1016\/revisions"}],"predecessor-version":[{"id":2118,"href":"https:\/\/www.idphoto.app\/aide\/wp-json\/wp\/v2\/pages\/1016\/revisions\/2118"}],"up":[{"embeddable":true,"href":"https:\/\/www.idphoto.app\/aide\/wp-json\/wp\/v2\/pages\/998"}],"wp:attachment":[{"href":"https:\/\/www.idphoto.app\/aide\/wp-json\/wp\/v2\/media?parent=1016"}],"curies":[{"name":"wp","href":"https:\/\/api.w.org\/{rel}","templated":true}]}}