{"id":1003,"date":"2013-10-06T20:45:15","date_gmt":"2013-10-06T18:45:15","guid":{"rendered":"http:\/\/www.idphoto.app\/?page_id=1003"},"modified":"2016-07-15T11:13:37","modified_gmt":"2016-07-15T09:13:37","slug":"photo-visa","status":"publish","type":"page","link":"https:\/\/www.idphoto.app\/aide\/photo-visa\/","title":{"rendered":"Photo visa"},"content":{"rendered":"<p>Des exigences pour les photos n\u00e9cessaires pour obtenir un visa peuvent \u00eatre retir\u00e9es de la partie inf\u00e9rieure en bas. Une vue d&rsquo;ensemble des diff\u00e9rents pays, contenant les exigences sp\u00e9cifiques pour l&rsquo;entr\u00e9e, est visible sous la cat\u00e9gorie \u00ab\u00a0<a href=\"https:\/\/www.idphoto.app\/aide\/visa\/\">le visa<\/a>\u00ab\u00a0.<\/p>\n","protected":false},"excerpt":{"rendered":"Des exigences pour les photos n\u00e9cessaires pour obtenir un visa peuvent \u00eatre retir\u00e9es de la partie inf\u00e9rieure en bas. Une vue d&rsquo;ensemble des diff\u00e9rents pays, contenant les exigences sp\u00e9cifiques pour l&rsquo;entr\u00e9e, est visible sous la cat\u00e9gorie \u00ab\u00a0le visa\u00ab\u00a0.","protected":false},"author":1,"featured_media":0,"parent":0,"menu_order":0,"comment_status":"open","ping_status":"closed","template":"","meta":[],"_links":{"self":[{"href":"https:\/\/www.idphoto.app\/aide\/wp-json\/wp\/v2\/pages\/1003"}],"collection":[{"href":"https:\/\/www.idphoto.app\/aide\/wp-json\/wp\/v2\/pages"}],"about":[{"href":"https:\/\/www.idphoto.app\/aide\/wp-json\/wp\/v2\/types\/page"}],"author":[{"embeddable":true,"href":"https:\/\/www.idphoto.app\/aide\/wp-json\/wp\/v2\/users\/1"}],"replies":[{"embeddable":true,"href":"https:\/\/www.idphoto.app\/aide\/wp-json\/wp\/v2\/comments?post=1003"}],"version-history":[{"count":2,"href":"https:\/\/www.idphoto.app\/aide\/wp-json\/wp\/v2\/pages\/1003\/revisions"}],"predecessor-version":[{"id":1977,"href":"https:\/\/www.idphoto.app\/aide\/wp-json\/wp\/v2\/pages\/1003\/revisions\/1977"}],"wp:attachment":[{"href":"https:\/\/www.idphoto.app\/aide\/wp-json\/wp\/v2\/media?parent=1003"}],"curies":[{"name":"wp","href":"https:\/\/api.w.org\/{rel}","templated":true}]}}